{"id":1052,"date":"2019-10-16T16:20:45","date_gmt":"2019-10-16T14:20:45","guid":{"rendered":"http:\/\/www.crouvezierdev.fr\/?page_id=1052"},"modified":"2022-10-26T14:01:37","modified_gmt":"2022-10-26T12:01:37","slug":"pourquoi-crouvezier-developpement","status":"publish","type":"page","link":"https:\/\/www.crouvezierdev.fr\/en\/pourquoi-crouvezier-developpement\/","title":{"rendered":"Why Crouvezier D\u00e9veloppement ?"},"content":{"rendered":"<div data-elementor-type=\"wp-page\" data-elementor-id=\"1052\" class=\"elementor elementor-1052\" data-elementor-post-type=\"page\">\n\t\t\t\t\t\t<section class=\"elementor-section elementor-top-section elementor-element elementor-element-933aefc elementor-section-boxed elementor-section-height-default elementor-section-height-default\" data-id=\"933aefc\" data-element_type=\"section\" data-e-type=\"section\" data-settings=\"{&quot;background_background&quot;:&quot;video&quot;,&quot;background_video_link&quot;:&quot;https:\\\/\\\/www.crouvezierdev.fr\\\/wp-content\\\/uploads\\\/2022\\\/10\\\/crouvezier.mp4&quot;,&quot;background_play_on_mobile&quot;:&quot;yes&quot;}\">\n\t\t\t\t\t\t\t\t<div class=\"elementor-background-video-container\">\n\t\t\t\t\t\t\t\t\t\t\t\t\t<video class=\"elementor-background-video-hosted\" role=\"presentation\" autoplay muted playsinline loop><\/video>\n\t\t\t\t\t\t\t\t\t\t\t<\/div>\n\t\t\t\t\t\t\t\t\t<div class=\"elementor-background-overlay\"><\/div>\n\t\t\t\t\t\t\t<div class=\"elementor-container elementor-column-gap-default\">\n\t\t\t\t\t<div class=\"elementor-column elementor-col-100 elementor-top-column elementor-element elementor-element-96d6f6b\" data-id=\"96d6f6b\" data-element_type=\"column\" data-e-type=\"column\">\n\t\t\t<div class=\"elementor-widget-wrap elementor-element-populated\">\n\t\t\t\t\t\t<div class=\"elementor-element elementor-element-77ac20e elementor-widget elementor-widget-heading\" data-id=\"77ac20e\" data-element_type=\"widget\" data-e-type=\"widget\" data-widget_type=\"heading.default\">\n\t\t\t\t<div class=\"elementor-widget-container\">\n\t\t\t\t\t<h1 class=\"elementor-heading-title elementor-size-default\">Why Crouvezier D\u00e9veloppement ?<\/h1>\t\t\t\t<\/div>\n\t\t\t\t<\/div>\n\t\t\t\t\t<\/div>\n\t\t<\/div>\n\t\t\t\t\t<\/div>\n\t\t<\/section>\n\t\t\t\t<section class=\"elementor-section elementor-top-section elementor-element elementor-element-29f59597 elementor-section-boxed elementor-section-height-default elementor-section-height-default\" data-id=\"29f59597\" data-element_type=\"section\" data-e-type=\"section\">\n\t\t\t\t\t\t<div class=\"elementor-container elementor-column-gap-default\">\n\t\t\t\t\t<div class=\"elementor-column elementor-col-100 elementor-top-column elementor-element elementor-element-324f0f89\" data-id=\"324f0f89\" data-element_type=\"column\" data-e-type=\"column\">\n\t\t\t<div class=\"elementor-widget-wrap elementor-element-populated\">\n\t\t\t\t\t\t<div class=\"elementor-element elementor-element-8cc439d elementor-widget elementor-widget-spacer\" data-id=\"8cc439d\" data-element_type=\"widget\" data-e-type=\"widget\" data-widget_type=\"spacer.default\">\n\t\t\t\t<div class=\"elementor-widget-container\">\n\t\t\t\t\t\t\t<div class=\"elementor-spacer\">\n\t\t\t<div class=\"elementor-spacer-inner\"><\/div>\n\t\t<\/div>\n\t\t\t\t\t\t<\/div>\n\t\t\t\t<\/div>\n\t\t\t\t<div class=\"elementor-element elementor-element-6a02e829 elementor-widget elementor-widget-text-editor\" data-id=\"6a02e829\" data-element_type=\"widget\" data-e-type=\"widget\" data-widget_type=\"text-editor.default\">\n\t\t\t\t<div class=\"elementor-widget-container\">\n\t\t\t\t\t\t\t\t\t<p>Initialement entreprise de <b>blanchiment et imprimeur <\/b>traditionnel depuis plus de 160 ans, sp\u00e9cialis\u00e9e dans le <b>linge de maison<\/b>, <b>Crouvezier D\u00e9veloppement<\/b> a su au cours des ann\u00e9es, diversifier son activit\u00e9 selon les \u00e9volutions du march\u00e9 et les nouvelles attentes de ses clients. Son savoir-faire familial lui permet de ma\u00eetriser l&rsquo;art d&rsquo;<b>ennoblir un tissu<\/b> \u00e0 fa\u00e7on sorti de m\u00e9tiers \u00e0 tisser. Les techniques regroupent les op\u00e9rations de <b>printing<\/b>, de <b>finishing<\/b>, de <b>traitement des tissus<\/b> et d<b>&lsquo;impression<\/b>.&nbsp;<\/p>\n<p class=\"translation-block\">The company continues taking on new challenges in order to meet the new demands, developing laminating, raising and coating technologies.<\/p>\n<p class=\"translation-block\">Yet, the biggest innovation for Crouvezier D\u00e9veloppement has been its positioning in the digital printing market with the creation of the UP' Textile branch.<\/p>\n<p class=\"translation-block\">The company stands out from its competitors in particular for its capacity to process large width fabrics (going until 3.2m).<\/p>\n<p class=\"translation-block\">Another major asset of Crouvezier D\u00e9veloppement is its investment in environmental protection. In 1998, a third treatment plant was built in order to meet the new directives of the Water Agency in a more accurate manner. Daily analyses are carried out and rigorously monitored.<\/p>\n<p class=\"translation-block\">Crouvezier D\u00e9veloppement is a company that is committed to its customers and offers high quality services. The company is part of the Vosges Terre Textile label and also has the OEKO-TEX \u00ae Standard 100 and GOTS certifications.<\/p>\t\t\t\t\t\t\t\t<\/div>\n\t\t\t\t<\/div>\n\t\t\t\t\t<\/div>\n\t\t<\/div>\n\t\t\t\t\t<\/div>\n\t\t<\/section>\n\t\t\t\t<\/div>","protected":false},"excerpt":{"rendered":"<p>Pourquoi Crouvezier D\u00e9veloppement ? Initialement entreprise de blanchiment et imprimeur traditionnel depuis plus de 160 ans, sp\u00e9cialis\u00e9e dans le linge de maison, Crouvezier D\u00e9veloppement a su au cours des ann\u00e9es, diversifier son activit\u00e9 selon les \u00e9volutions du march\u00e9 et les nouvelles attentes de ses clients. Son savoir-faire familial lui permet de ma\u00eetriser l&rsquo;art d&rsquo;ennoblir un [&hellip;]<\/p>\n","protected":false},"author":1,"featured_media":0,"parent":0,"menu_order":0,"comment_status":"closed","ping_status":"closed","template":"elementor_header_footer","meta":{"sfsi_plus_gutenberg_text_before_share":"","sfsi_plus_gutenberg_show_text_before_share":"","sfsi_plus_gutenberg_icon_type":"","sfsi_plus_gutenberg_icon_alignemt":"","sfsi_plus_gutenburg_max_per_row":"","footnotes":""},"class_list":["post-1052","page","type-page","status-publish","hentry"],"yoast_head":"<!-- This site is optimized with the Yoast SEO plugin v27.4 - https:\/\/yoast.com\/product\/yoast-seo-wordpress\/ -->\n<title>Pourquoi Crouvezier D\u00e9veloppement ? - Crouvezier D\u00e9veloppement<\/title>\n<meta name=\"description\" content=\"Crouvezier D\u00e9veloppement, c&#039;est plus de 150 ans d&#039;exp\u00e9rience et de savoir-faire textile, des labels, le respect de l&#039;environnement.\" \/>\n<meta name=\"robots\" content=\"index, follow, max-snippet:-1, max-image-preview:large, max-video-preview:-1\" \/>\n<link rel=\"canonical\" href=\"https:\/\/www.crouvezierdev.fr\/en\/pourquoi-crouvezier-developpement\/\" \/>\n<meta property=\"og:locale\" content=\"en_GB\" \/>\n<meta property=\"og:type\" content=\"article\" \/>\n<meta property=\"og:title\" content=\"Pourquoi Crouvezier D\u00e9veloppement ? - Crouvezier D\u00e9veloppement\" \/>\n<meta property=\"og:description\" content=\"Crouvezier D\u00e9veloppement, c&#039;est plus de 150 ans d&#039;exp\u00e9rience et de savoir-faire textile, des labels, le respect de l&#039;environnement.\" \/>\n<meta property=\"og:url\" content=\"https:\/\/www.crouvezierdev.fr\/en\/pourquoi-crouvezier-developpement\/\" \/>\n<meta property=\"og:site_name\" content=\"Crouvezier D\u00e9veloppement\" \/>\n<meta property=\"article:publisher\" content=\"https:\/\/www.facebook.com\/crouvezierdev\/?modal=admin_todo_tour\" \/>\n<meta property=\"article:modified_time\" content=\"2022-10-26T12:01:37+00:00\" \/>\n<meta name=\"twitter:card\" content=\"summary_large_image\" \/>\n<meta name=\"twitter:site\" content=\"@crouvezierdev\" \/>\n<meta name=\"twitter:label1\" content=\"Estimated reading time\" \/>\n\t<meta name=\"twitter:data1\" content=\"2 minutes\" \/>\n<script type=\"application\/ld+json\" class=\"yoast-schema-graph\">{\"@context\":\"https:\\\/\\\/schema.org\",\"@graph\":[{\"@type\":\"WebPage\",\"@id\":\"https:\\\/\\\/www.crouvezierdev.fr\\\/pourquoi-crouvezier-developpement\\\/\",\"url\":\"https:\\\/\\\/www.crouvezierdev.fr\\\/pourquoi-crouvezier-developpement\\\/\",\"name\":\"Pourquoi Crouvezier D\u00e9veloppement ? - Crouvezier D\u00e9veloppement\",\"isPartOf\":{\"@id\":\"https:\\\/\\\/www.crouvezierdev.fr\\\/#website\"},\"datePublished\":\"2019-10-16T14:20:45+00:00\",\"dateModified\":\"2022-10-26T12:01:37+00:00\",\"description\":\"Crouvezier D\u00e9veloppement, c'est plus de 150 ans d'exp\u00e9rience et de savoir-faire textile, des labels, le respect de l'environnement.\",\"breadcrumb\":{\"@id\":\"https:\\\/\\\/www.crouvezierdev.fr\\\/pourquoi-crouvezier-developpement\\\/#breadcrumb\"},\"inLanguage\":\"en-GB\",\"potentialAction\":[{\"@type\":\"ReadAction\",\"target\":[\"https:\\\/\\\/www.crouvezierdev.fr\\\/pourquoi-crouvezier-developpement\\\/\"]}]},{\"@type\":\"BreadcrumbList\",\"@id\":\"https:\\\/\\\/www.crouvezierdev.fr\\\/pourquoi-crouvezier-developpement\\\/#breadcrumb\",\"itemListElement\":[{\"@type\":\"ListItem\",\"position\":1,\"name\":\"Accueil\",\"item\":\"https:\\\/\\\/www.crouvezierdev.fr\\\/\"},{\"@type\":\"ListItem\",\"position\":2,\"name\":\"Pourquoi Crouvezier D\u00e9veloppement ?\"}]},{\"@type\":\"WebSite\",\"@id\":\"https:\\\/\\\/www.crouvezierdev.fr\\\/#website\",\"url\":\"https:\\\/\\\/www.crouvezierdev.fr\\\/\",\"name\":\"Crouvezier D\u00e9veloppement\",\"description\":\"Ennoblissement, teinture, impression textile\",\"publisher\":{\"@id\":\"https:\\\/\\\/www.crouvezierdev.fr\\\/#organization\"},\"potentialAction\":[{\"@type\":\"SearchAction\",\"target\":{\"@type\":\"EntryPoint\",\"urlTemplate\":\"https:\\\/\\\/www.crouvezierdev.fr\\\/?s={search_term_string}\"},\"query-input\":{\"@type\":\"PropertyValueSpecification\",\"valueRequired\":true,\"valueName\":\"search_term_string\"}}],\"inLanguage\":\"en-GB\"},{\"@type\":\"Organization\",\"@id\":\"https:\\\/\\\/www.crouvezierdev.fr\\\/#organization\",\"name\":\"Crouvezier D\u00e9veloppement\",\"url\":\"https:\\\/\\\/www.crouvezierdev.fr\\\/\",\"logo\":{\"@type\":\"ImageObject\",\"inLanguage\":\"en-GB\",\"@id\":\"https:\\\/\\\/www.crouvezierdev.fr\\\/#\\\/schema\\\/logo\\\/image\\\/\",\"url\":\"https:\\\/\\\/www.crouvezierdev.fr\\\/wp-content\\\/uploads\\\/2019\\\/06\\\/screen-2.png\",\"contentUrl\":\"https:\\\/\\\/www.crouvezierdev.fr\\\/wp-content\\\/uploads\\\/2019\\\/06\\\/screen-2.png\",\"width\":50,\"height\":50,\"caption\":\"Crouvezier D\u00e9veloppement\"},\"image\":{\"@id\":\"https:\\\/\\\/www.crouvezierdev.fr\\\/#\\\/schema\\\/logo\\\/image\\\/\"},\"sameAs\":[\"https:\\\/\\\/www.facebook.com\\\/crouvezierdev\\\/?modal=admin_todo_tour\",\"https:\\\/\\\/x.com\\\/crouvezierdev\",\"https:\\\/\\\/www.instagram.com\\\/crouvezierdev\\\/?hl=fr\",\"https:\\\/\\\/www.linkedin.com\\\/in\\\/severine-crouvezier-993300185\\\/\"]}]}<\/script>\n<!-- \/ Yoast SEO plugin. -->","yoast_head_json":{"title":"Pourquoi Crouvezier D\u00e9veloppement ? - Crouvezier D\u00e9veloppement","description":"Crouvezier D\u00e9veloppement, c'est plus de 150 ans d'exp\u00e9rience et de savoir-faire textile, des labels, le respect de l'environnement.","robots":{"index":"index","follow":"follow","max-snippet":"max-snippet:-1","max-image-preview":"max-image-preview:large","max-video-preview":"max-video-preview:-1"},"canonical":"https:\/\/www.crouvezierdev.fr\/en\/pourquoi-crouvezier-developpement\/","og_locale":"en_GB","og_type":"article","og_title":"Pourquoi Crouvezier D\u00e9veloppement ? - Crouvezier D\u00e9veloppement","og_description":"Crouvezier D\u00e9veloppement, c'est plus de 150 ans d'exp\u00e9rience et de savoir-faire textile, des labels, le respect de l'environnement.","og_url":"https:\/\/www.crouvezierdev.fr\/en\/pourquoi-crouvezier-developpement\/","og_site_name":"Crouvezier D\u00e9veloppement","article_publisher":"https:\/\/www.facebook.com\/crouvezierdev\/?modal=admin_todo_tour","article_modified_time":"2022-10-26T12:01:37+00:00","twitter_card":"summary_large_image","twitter_site":"@crouvezierdev","twitter_misc":{"Estimated reading time":"2 minutes"},"schema":{"@context":"https:\/\/schema.org","@graph":[{"@type":"WebPage","@id":"https:\/\/www.crouvezierdev.fr\/pourquoi-crouvezier-developpement\/","url":"https:\/\/www.crouvezierdev.fr\/pourquoi-crouvezier-developpement\/","name":"Pourquoi Crouvezier D\u00e9veloppement ? - Crouvezier D\u00e9veloppement","isPartOf":{"@id":"https:\/\/www.crouvezierdev.fr\/#website"},"datePublished":"2019-10-16T14:20:45+00:00","dateModified":"2022-10-26T12:01:37+00:00","description":"Crouvezier D\u00e9veloppement, c'est plus de 150 ans d'exp\u00e9rience et de savoir-faire textile, des labels, le respect de l'environnement.","breadcrumb":{"@id":"https:\/\/www.crouvezierdev.fr\/pourquoi-crouvezier-developpement\/#breadcrumb"},"inLanguage":"en-GB","potentialAction":[{"@type":"ReadAction","target":["https:\/\/www.crouvezierdev.fr\/pourquoi-crouvezier-developpement\/"]}]},{"@type":"BreadcrumbList","@id":"https:\/\/www.crouvezierdev.fr\/pourquoi-crouvezier-developpement\/#breadcrumb","itemListElement":[{"@type":"ListItem","position":1,"name":"Accueil","item":"https:\/\/www.crouvezierdev.fr\/"},{"@type":"ListItem","position":2,"name":"Pourquoi Crouvezier D\u00e9veloppement ?"}]},{"@type":"WebSite","@id":"https:\/\/www.crouvezierdev.fr\/#website","url":"https:\/\/www.crouvezierdev.fr\/","name":"Crouvezier D\u00e9veloppement","description":"Ennoblissement, teinture, impression textile","publisher":{"@id":"https:\/\/www.crouvezierdev.fr\/#organization"},"potentialAction":[{"@type":"SearchAction","target":{"@type":"EntryPoint","urlTemplate":"https:\/\/www.crouvezierdev.fr\/?s={search_term_string}"},"query-input":{"@type":"PropertyValueSpecification","valueRequired":true,"valueName":"search_term_string"}}],"inLanguage":"en-GB"},{"@type":"Organization","@id":"https:\/\/www.crouvezierdev.fr\/#organization","name":"Crouvezier D\u00e9veloppement","url":"https:\/\/www.crouvezierdev.fr\/","logo":{"@type":"ImageObject","inLanguage":"en-GB","@id":"https:\/\/www.crouvezierdev.fr\/#\/schema\/logo\/image\/","url":"https:\/\/www.crouvezierdev.fr\/wp-content\/uploads\/2019\/06\/screen-2.png","contentUrl":"https:\/\/www.crouvezierdev.fr\/wp-content\/uploads\/2019\/06\/screen-2.png","width":50,"height":50,"caption":"Crouvezier D\u00e9veloppement"},"image":{"@id":"https:\/\/www.crouvezierdev.fr\/#\/schema\/logo\/image\/"},"sameAs":["https:\/\/www.facebook.com\/crouvezierdev\/?modal=admin_todo_tour","https:\/\/x.com\/crouvezierdev","https:\/\/www.instagram.com\/crouvezierdev\/?hl=fr","https:\/\/www.linkedin.com\/in\/severine-crouvezier-993300185\/"]}]}},"_links":{"self":[{"href":"https:\/\/www.crouvezierdev.fr\/en\/wp-json\/wp\/v2\/pages\/1052","targetHints":{"allow":["GET"]}}],"collection":[{"href":"https:\/\/www.crouvezierdev.fr\/en\/wp-json\/wp\/v2\/pages"}],"about":[{"href":"https:\/\/www.crouvezierdev.fr\/en\/wp-json\/wp\/v2\/types\/page"}],"author":[{"embeddable":true,"href":"https:\/\/www.crouvezierdev.fr\/en\/wp-json\/wp\/v2\/users\/1"}],"replies":[{"embeddable":true,"href":"https:\/\/www.crouvezierdev.fr\/en\/wp-json\/wp\/v2\/comments?post=1052"}],"version-history":[{"count":17,"href":"https:\/\/www.crouvezierdev.fr\/en\/wp-json\/wp\/v2\/pages\/1052\/revisions"}],"predecessor-version":[{"id":1982,"href":"https:\/\/www.crouvezierdev.fr\/en\/wp-json\/wp\/v2\/pages\/1052\/revisions\/1982"}],"wp:attachment":[{"href":"https:\/\/www.crouvezierdev.fr\/en\/wp-json\/wp\/v2\/media?parent=1052"}],"curies":[{"name":"wp","href":"https:\/\/api.w.org\/{rel}","templated":true}]}}