{"id":1072,"date":"2019-10-22T10:21:00","date_gmt":"2019-10-22T08:21:00","guid":{"rendered":"http:\/\/www.crouvezierdev.fr\/?page_id=1072"},"modified":"2022-10-26T14:34:14","modified_gmt":"2022-10-26T12:34:14","slug":"lecologie-et-lenvironnement","status":"publish","type":"page","link":"https:\/\/www.crouvezierdev.fr\/en\/lecologie-et-lenvironnement\/","title":{"rendered":"Sustainability"},"content":{"rendered":"<div data-elementor-type=\"wp-page\" data-elementor-id=\"1072\" class=\"elementor elementor-1072\" data-elementor-post-type=\"page\">\n\t\t\t\t\t\t<section class=\"elementor-section elementor-top-section elementor-element elementor-element-789c1c5 elementor-section-boxed elementor-section-height-default elementor-section-height-default\" data-id=\"789c1c5\" data-element_type=\"section\" data-e-type=\"section\" data-settings=\"{&quot;background_background&quot;:&quot;video&quot;,&quot;background_video_link&quot;:&quot;https:\\\/\\\/www.crouvezierdev.fr\\\/wp-content\\\/uploads\\\/2022\\\/10\\\/environnement.mp4&quot;,&quot;background_play_on_mobile&quot;:&quot;yes&quot;}\">\n\t\t\t\t\t\t\t\t<div class=\"elementor-background-video-container\">\n\t\t\t\t\t\t\t\t\t\t\t\t\t<video class=\"elementor-background-video-hosted\" role=\"presentation\" autoplay muted playsinline loop><\/video>\n\t\t\t\t\t\t\t\t\t\t\t<\/div>\n\t\t\t\t\t\t\t\t\t<div class=\"elementor-background-overlay\"><\/div>\n\t\t\t\t\t\t\t<div class=\"elementor-container elementor-column-gap-default\">\n\t\t\t\t\t<div class=\"elementor-column elementor-col-100 elementor-top-column elementor-element elementor-element-851d52f\" data-id=\"851d52f\" data-element_type=\"column\" data-e-type=\"column\">\n\t\t\t<div class=\"elementor-widget-wrap elementor-element-populated\">\n\t\t\t\t\t\t<div class=\"elementor-element elementor-element-5528135 elementor-widget elementor-widget-heading\" data-id=\"5528135\" data-element_type=\"widget\" data-e-type=\"widget\" data-widget_type=\"heading.default\">\n\t\t\t\t<div class=\"elementor-widget-container\">\n\t\t\t\t\t<h1 class=\"elementor-heading-title elementor-size-default\">L'\u00e9cologie et l'environnement\u200b<\/h1>\t\t\t\t<\/div>\n\t\t\t\t<\/div>\n\t\t\t\t\t<\/div>\n\t\t<\/div>\n\t\t\t\t\t<\/div>\n\t\t<\/section>\n\t\t\t\t<section class=\"elementor-section elementor-top-section elementor-element elementor-element-e3941b1 elementor-section-boxed elementor-section-height-default elementor-section-height-default\" data-id=\"e3941b1\" data-element_type=\"section\" data-e-type=\"section\">\n\t\t\t\t\t\t<div class=\"elementor-container elementor-column-gap-default\">\n\t\t\t\t\t<div class=\"elementor-column elementor-col-100 elementor-top-column elementor-element elementor-element-cd60a65\" data-id=\"cd60a65\" data-element_type=\"column\" data-e-type=\"column\">\n\t\t\t<div class=\"elementor-widget-wrap elementor-element-populated\">\n\t\t\t\t\t\t<div class=\"elementor-element elementor-element-a7c6afb elementor-widget elementor-widget-spacer\" data-id=\"a7c6afb\" data-element_type=\"widget\" data-e-type=\"widget\" data-widget_type=\"spacer.default\">\n\t\t\t\t<div class=\"elementor-widget-container\">\n\t\t\t\t\t\t\t<div class=\"elementor-spacer\">\n\t\t\t<div class=\"elementor-spacer-inner\"><\/div>\n\t\t<\/div>\n\t\t\t\t\t\t<\/div>\n\t\t\t\t<\/div>\n\t\t\t\t<div class=\"elementor-element elementor-element-6e64487 elementor-widget elementor-widget-text-editor\" data-id=\"6e64487\" data-element_type=\"widget\" data-e-type=\"widget\" data-widget_type=\"text-editor.default\">\n\t\t\t\t<div class=\"elementor-widget-container\">\n\t\t\t\t\t\t\t\t\t<p>Crouvezier D\u00e9veloppement, for more than 30 years, has invested in respecting and protecting the environment.\u00a0<\/p><p>In 1998, the third treatment plant was built in order to meet the new directives of the Water Agency in a more precise manner.\u00a0<\/p><p><span style=\"font-size: 15px; letter-spacing: 0.4px;\">Daily analyses are carried out and are rigorously monitored.\u00a0<\/span><\/p>\t\t\t\t\t\t\t\t<\/div>\n\t\t\t\t<\/div>\n\t\t\t\t\t<\/div>\n\t\t<\/div>\n\t\t\t\t\t<\/div>\n\t\t<\/section>\n\t\t\t\t<section class=\"elementor-section elementor-top-section elementor-element elementor-element-5bb6fe4 elementor-section-stretched elementor-section-full_width elementor-section-height-default elementor-section-height-default\" data-id=\"5bb6fe4\" data-element_type=\"section\" data-e-type=\"section\" data-settings=\"{&quot;stretch_section&quot;:&quot;section-stretched&quot;}\">\n\t\t\t\t\t\t<div class=\"elementor-container elementor-column-gap-default\">\n\t\t\t\t\t<div class=\"elementor-column elementor-col-100 elementor-top-column elementor-element elementor-element-14fbfe9\" data-id=\"14fbfe9\" data-element_type=\"column\" data-e-type=\"column\">\n\t\t\t<div class=\"elementor-widget-wrap elementor-element-populated\">\n\t\t\t\t\t\t<div class=\"elementor-element elementor-element-da6186a elementor-widget elementor-widget-image\" data-id=\"da6186a\" data-element_type=\"widget\" data-e-type=\"widget\" data-widget_type=\"image.default\">\n\t\t\t\t<div class=\"elementor-widget-container\">\n\t\t\t\t\t\t\t\t\t\t\t\t\t\t\t<img fetchpriority=\"high\" decoding=\"async\" width=\"768\" height=\"550\" src=\"https:\/\/www.crouvezierdev.fr\/wp-content\/uploads\/2019\/10\/Photo13_13-768x550.jpg\" class=\"attachment-medium_large size-medium_large wp-image-1027\" alt=\"Station d&#039;\u00e9puration\" srcset=\"https:\/\/www.crouvezierdev.fr\/wp-content\/uploads\/2019\/10\/Photo13_13-768x550.jpg 768w, https:\/\/www.crouvezierdev.fr\/wp-content\/uploads\/2019\/10\/Photo13_13-300x215.jpg 300w, https:\/\/www.crouvezierdev.fr\/wp-content\/uploads\/2019\/10\/Photo13_13-1024x733.jpg 1024w\" sizes=\"(max-width: 768px) 100vw, 768px\" \/>\t\t\t\t\t\t\t\t\t\t\t\t\t\t\t<\/div>\n\t\t\t\t<\/div>\n\t\t\t\t\t<\/div>\n\t\t<\/div>\n\t\t\t\t\t<\/div>\n\t\t<\/section>\n\t\t\t\t<section class=\"elementor-section elementor-top-section elementor-element elementor-element-c6c9477 elementor-section-boxed elementor-section-height-default elementor-section-height-default\" data-id=\"c6c9477\" data-element_type=\"section\" data-e-type=\"section\">\n\t\t\t\t\t\t<div class=\"elementor-container elementor-column-gap-default\">\n\t\t\t\t\t<div class=\"elementor-column elementor-col-100 elementor-top-column elementor-element elementor-element-627023e\" data-id=\"627023e\" data-element_type=\"column\" data-e-type=\"column\">\n\t\t\t<div class=\"elementor-widget-wrap elementor-element-populated\">\n\t\t\t\t\t\t<div class=\"elementor-element elementor-element-6d910e4 elementor-widget elementor-widget-text-editor\" data-id=\"6d910e4\" data-element_type=\"widget\" data-e-type=\"widget\" data-widget_type=\"text-editor.default\">\n\t\t\t\t<div class=\"elementor-widget-container\">\n\t\t\t\t\t\t\t\t\t<p>At Crouvezier D\u00e9veloppement, we also choose the chemicals we work with according to their environmental impact.\u00a0<\/p>\n<p>We avoid energy losses as much as possible thanks to the heat-exchanger. The water coming from the different processes of the plant passes through an exchanger and comes out clean at 60\u00b0C. All that\u2019s left to do is to raise this temperature to 90\u00b0C for the machines.\u00a0<\/p>\n<p>\u00a0<\/p>\t\t\t\t\t\t\t\t<\/div>\n\t\t\t\t<\/div>\n\t\t\t\t\t<\/div>\n\t\t<\/div>\n\t\t\t\t\t<\/div>\n\t\t<\/section>\n\t\t\t\t<\/div>","protected":false},"excerpt":{"rendered":"<p>L&rsquo;\u00e9cologie et l&rsquo;environnement\u200b Crouvezier D\u00e9veloppement, depuis plus de 30 ans, investit massivement pour le respect de l&rsquo;environnement.\u00a0 En 1998, la troisi\u00e8me station d&rsquo;\u00e9puration est construite afin de r\u00e9pondre d&rsquo;une mani\u00e8re plus pointue aux nouvelles directives de l&rsquo;Agence de l&rsquo;Eau.\u00a0 Des analyses journali\u00e8res sont pratiqu\u00e9es et permettent de suivre avec rigueur tous les param\u00e8tres de bon [&hellip;]<\/p>\n","protected":false},"author":1,"featured_media":0,"parent":0,"menu_order":0,"comment_status":"closed","ping_status":"closed","template":"elementor_header_footer","meta":{"sfsi_plus_gutenberg_text_before_share":"","sfsi_plus_gutenberg_show_text_before_share":"","sfsi_plus_gutenberg_icon_type":"","sfsi_plus_gutenberg_icon_alignemt":"","sfsi_plus_gutenburg_max_per_row":"","footnotes":""},"class_list":["post-1072","page","type-page","status-publish","hentry"],"yoast_head":"<!-- This site is optimized with the Yoast SEO plugin v27.4 - https:\/\/yoast.com\/product\/yoast-seo-wordpress\/ -->\n<title>L&#039;\u00e9cologie et l&#039;environnement - Crouvezier D\u00e9veloppement<\/title>\n<meta name=\"description\" content=\"Crouvezier D\u00e9veloppement investit depuis plus de 30 ans pour l&#039;\u00e9cologie et le respect de l&#039;environnement gr\u00e2ce par exemple \u00e0 trois stations d&#039;\u00e9purations.\" \/>\n<meta name=\"robots\" content=\"index, follow, max-snippet:-1, max-image-preview:large, max-video-preview:-1\" \/>\n<link rel=\"canonical\" href=\"https:\/\/www.crouvezierdev.fr\/en\/lecologie-et-lenvironnement\/\" \/>\n<meta property=\"og:locale\" content=\"en_GB\" \/>\n<meta property=\"og:type\" content=\"article\" \/>\n<meta property=\"og:title\" content=\"L&#039;\u00e9cologie et l&#039;environnement - Crouvezier D\u00e9veloppement\" \/>\n<meta property=\"og:description\" content=\"Crouvezier D\u00e9veloppement investit depuis plus de 30 ans pour l&#039;\u00e9cologie et le respect de l&#039;environnement gr\u00e2ce par exemple \u00e0 trois stations d&#039;\u00e9purations.\" \/>\n<meta property=\"og:url\" content=\"https:\/\/www.crouvezierdev.fr\/en\/lecologie-et-lenvironnement\/\" \/>\n<meta property=\"og:site_name\" content=\"Crouvezier D\u00e9veloppement\" \/>\n<meta property=\"article:publisher\" content=\"https:\/\/www.facebook.com\/crouvezierdev\/?modal=admin_todo_tour\" \/>\n<meta property=\"article:modified_time\" content=\"2022-10-26T12:34:14+00:00\" \/>\n<meta property=\"og:image\" content=\"https:\/\/www.crouvezierdev.fr\/wp-content\/uploads\/2019\/10\/Photo13_13-768x550.jpg\" \/>\n<meta name=\"twitter:card\" content=\"summary_large_image\" \/>\n<meta name=\"twitter:site\" content=\"@crouvezierdev\" \/>\n<meta name=\"twitter:label1\" content=\"Estimated reading time\" \/>\n\t<meta name=\"twitter:data1\" content=\"1 minute\" \/>\n<script type=\"application\/ld+json\" class=\"yoast-schema-graph\">{\"@context\":\"https:\\\/\\\/schema.org\",\"@graph\":[{\"@type\":\"WebPage\",\"@id\":\"https:\\\/\\\/www.crouvezierdev.fr\\\/lecologie-et-lenvironnement\\\/\",\"url\":\"https:\\\/\\\/www.crouvezierdev.fr\\\/lecologie-et-lenvironnement\\\/\",\"name\":\"L'\u00e9cologie et l'environnement - Crouvezier D\u00e9veloppement\",\"isPartOf\":{\"@id\":\"https:\\\/\\\/www.crouvezierdev.fr\\\/#website\"},\"primaryImageOfPage\":{\"@id\":\"https:\\\/\\\/www.crouvezierdev.fr\\\/lecologie-et-lenvironnement\\\/#primaryimage\"},\"image\":{\"@id\":\"https:\\\/\\\/www.crouvezierdev.fr\\\/lecologie-et-lenvironnement\\\/#primaryimage\"},\"thumbnailUrl\":\"https:\\\/\\\/www.crouvezierdev.fr\\\/wp-content\\\/uploads\\\/2019\\\/10\\\/Photo13_13-768x550.jpg\",\"datePublished\":\"2019-10-22T08:21:00+00:00\",\"dateModified\":\"2022-10-26T12:34:14+00:00\",\"description\":\"Crouvezier D\u00e9veloppement investit depuis plus de 30 ans pour l'\u00e9cologie et le respect de l'environnement gr\u00e2ce par exemple \u00e0 trois stations d'\u00e9purations.\",\"breadcrumb\":{\"@id\":\"https:\\\/\\\/www.crouvezierdev.fr\\\/lecologie-et-lenvironnement\\\/#breadcrumb\"},\"inLanguage\":\"en-GB\",\"potentialAction\":[{\"@type\":\"ReadAction\",\"target\":[\"https:\\\/\\\/www.crouvezierdev.fr\\\/lecologie-et-lenvironnement\\\/\"]}]},{\"@type\":\"ImageObject\",\"inLanguage\":\"en-GB\",\"@id\":\"https:\\\/\\\/www.crouvezierdev.fr\\\/lecologie-et-lenvironnement\\\/#primaryimage\",\"url\":\"https:\\\/\\\/www.crouvezierdev.fr\\\/wp-content\\\/uploads\\\/2019\\\/10\\\/Photo13_13-768x550.jpg\",\"contentUrl\":\"https:\\\/\\\/www.crouvezierdev.fr\\\/wp-content\\\/uploads\\\/2019\\\/10\\\/Photo13_13-768x550.jpg\"},{\"@type\":\"BreadcrumbList\",\"@id\":\"https:\\\/\\\/www.crouvezierdev.fr\\\/lecologie-et-lenvironnement\\\/#breadcrumb\",\"itemListElement\":[{\"@type\":\"ListItem\",\"position\":1,\"name\":\"Accueil\",\"item\":\"https:\\\/\\\/www.crouvezierdev.fr\\\/\"},{\"@type\":\"ListItem\",\"position\":2,\"name\":\"L&rsquo;\u00e9cologie et l&rsquo;environnement\"}]},{\"@type\":\"WebSite\",\"@id\":\"https:\\\/\\\/www.crouvezierdev.fr\\\/#website\",\"url\":\"https:\\\/\\\/www.crouvezierdev.fr\\\/\",\"name\":\"Crouvezier D\u00e9veloppement\",\"description\":\"Ennoblissement, teinture, impression textile\",\"publisher\":{\"@id\":\"https:\\\/\\\/www.crouvezierdev.fr\\\/#organization\"},\"potentialAction\":[{\"@type\":\"SearchAction\",\"target\":{\"@type\":\"EntryPoint\",\"urlTemplate\":\"https:\\\/\\\/www.crouvezierdev.fr\\\/?s={search_term_string}\"},\"query-input\":{\"@type\":\"PropertyValueSpecification\",\"valueRequired\":true,\"valueName\":\"search_term_string\"}}],\"inLanguage\":\"en-GB\"},{\"@type\":\"Organization\",\"@id\":\"https:\\\/\\\/www.crouvezierdev.fr\\\/#organization\",\"name\":\"Crouvezier D\u00e9veloppement\",\"url\":\"https:\\\/\\\/www.crouvezierdev.fr\\\/\",\"logo\":{\"@type\":\"ImageObject\",\"inLanguage\":\"en-GB\",\"@id\":\"https:\\\/\\\/www.crouvezierdev.fr\\\/#\\\/schema\\\/logo\\\/image\\\/\",\"url\":\"https:\\\/\\\/www.crouvezierdev.fr\\\/wp-content\\\/uploads\\\/2019\\\/06\\\/screen-2.png\",\"contentUrl\":\"https:\\\/\\\/www.crouvezierdev.fr\\\/wp-content\\\/uploads\\\/2019\\\/06\\\/screen-2.png\",\"width\":50,\"height\":50,\"caption\":\"Crouvezier D\u00e9veloppement\"},\"image\":{\"@id\":\"https:\\\/\\\/www.crouvezierdev.fr\\\/#\\\/schema\\\/logo\\\/image\\\/\"},\"sameAs\":[\"https:\\\/\\\/www.facebook.com\\\/crouvezierdev\\\/?modal=admin_todo_tour\",\"https:\\\/\\\/x.com\\\/crouvezierdev\",\"https:\\\/\\\/www.instagram.com\\\/crouvezierdev\\\/?hl=fr\",\"https:\\\/\\\/www.linkedin.com\\\/in\\\/severine-crouvezier-993300185\\\/\"]}]}<\/script>\n<!-- \/ Yoast SEO plugin. -->","yoast_head_json":{"title":"L'\u00e9cologie et l'environnement - Crouvezier D\u00e9veloppement","description":"Crouvezier D\u00e9veloppement investit depuis plus de 30 ans pour l'\u00e9cologie et le respect de l'environnement gr\u00e2ce par exemple \u00e0 trois stations d'\u00e9purations.","robots":{"index":"index","follow":"follow","max-snippet":"max-snippet:-1","max-image-preview":"max-image-preview:large","max-video-preview":"max-video-preview:-1"},"canonical":"https:\/\/www.crouvezierdev.fr\/en\/lecologie-et-lenvironnement\/","og_locale":"en_GB","og_type":"article","og_title":"L'\u00e9cologie et l'environnement - Crouvezier D\u00e9veloppement","og_description":"Crouvezier D\u00e9veloppement investit depuis plus de 30 ans pour l'\u00e9cologie et le respect de l'environnement gr\u00e2ce par exemple \u00e0 trois stations d'\u00e9purations.","og_url":"https:\/\/www.crouvezierdev.fr\/en\/lecologie-et-lenvironnement\/","og_site_name":"Crouvezier D\u00e9veloppement","article_publisher":"https:\/\/www.facebook.com\/crouvezierdev\/?modal=admin_todo_tour","article_modified_time":"2022-10-26T12:34:14+00:00","og_image":[{"url":"https:\/\/www.crouvezierdev.fr\/wp-content\/uploads\/2019\/10\/Photo13_13-768x550.jpg","type":"","width":"","height":""}],"twitter_card":"summary_large_image","twitter_site":"@crouvezierdev","twitter_misc":{"Estimated reading time":"1 minute"},"schema":{"@context":"https:\/\/schema.org","@graph":[{"@type":"WebPage","@id":"https:\/\/www.crouvezierdev.fr\/lecologie-et-lenvironnement\/","url":"https:\/\/www.crouvezierdev.fr\/lecologie-et-lenvironnement\/","name":"L'\u00e9cologie et l'environnement - Crouvezier D\u00e9veloppement","isPartOf":{"@id":"https:\/\/www.crouvezierdev.fr\/#website"},"primaryImageOfPage":{"@id":"https:\/\/www.crouvezierdev.fr\/lecologie-et-lenvironnement\/#primaryimage"},"image":{"@id":"https:\/\/www.crouvezierdev.fr\/lecologie-et-lenvironnement\/#primaryimage"},"thumbnailUrl":"https:\/\/www.crouvezierdev.fr\/wp-content\/uploads\/2019\/10\/Photo13_13-768x550.jpg","datePublished":"2019-10-22T08:21:00+00:00","dateModified":"2022-10-26T12:34:14+00:00","description":"Crouvezier D\u00e9veloppement investit depuis plus de 30 ans pour l'\u00e9cologie et le respect de l'environnement gr\u00e2ce par exemple \u00e0 trois stations d'\u00e9purations.","breadcrumb":{"@id":"https:\/\/www.crouvezierdev.fr\/lecologie-et-lenvironnement\/#breadcrumb"},"inLanguage":"en-GB","potentialAction":[{"@type":"ReadAction","target":["https:\/\/www.crouvezierdev.fr\/lecologie-et-lenvironnement\/"]}]},{"@type":"ImageObject","inLanguage":"en-GB","@id":"https:\/\/www.crouvezierdev.fr\/lecologie-et-lenvironnement\/#primaryimage","url":"https:\/\/www.crouvezierdev.fr\/wp-content\/uploads\/2019\/10\/Photo13_13-768x550.jpg","contentUrl":"https:\/\/www.crouvezierdev.fr\/wp-content\/uploads\/2019\/10\/Photo13_13-768x550.jpg"},{"@type":"BreadcrumbList","@id":"https:\/\/www.crouvezierdev.fr\/lecologie-et-lenvironnement\/#breadcrumb","itemListElement":[{"@type":"ListItem","position":1,"name":"Accueil","item":"https:\/\/www.crouvezierdev.fr\/"},{"@type":"ListItem","position":2,"name":"L&rsquo;\u00e9cologie et l&rsquo;environnement"}]},{"@type":"WebSite","@id":"https:\/\/www.crouvezierdev.fr\/#website","url":"https:\/\/www.crouvezierdev.fr\/","name":"Crouvezier D\u00e9veloppement","description":"Ennoblissement, teinture, impression textile","publisher":{"@id":"https:\/\/www.crouvezierdev.fr\/#organization"},"potentialAction":[{"@type":"SearchAction","target":{"@type":"EntryPoint","urlTemplate":"https:\/\/www.crouvezierdev.fr\/?s={search_term_string}"},"query-input":{"@type":"PropertyValueSpecification","valueRequired":true,"valueName":"search_term_string"}}],"inLanguage":"en-GB"},{"@type":"Organization","@id":"https:\/\/www.crouvezierdev.fr\/#organization","name":"Crouvezier D\u00e9veloppement","url":"https:\/\/www.crouvezierdev.fr\/","logo":{"@type":"ImageObject","inLanguage":"en-GB","@id":"https:\/\/www.crouvezierdev.fr\/#\/schema\/logo\/image\/","url":"https:\/\/www.crouvezierdev.fr\/wp-content\/uploads\/2019\/06\/screen-2.png","contentUrl":"https:\/\/www.crouvezierdev.fr\/wp-content\/uploads\/2019\/06\/screen-2.png","width":50,"height":50,"caption":"Crouvezier D\u00e9veloppement"},"image":{"@id":"https:\/\/www.crouvezierdev.fr\/#\/schema\/logo\/image\/"},"sameAs":["https:\/\/www.facebook.com\/crouvezierdev\/?modal=admin_todo_tour","https:\/\/x.com\/crouvezierdev","https:\/\/www.instagram.com\/crouvezierdev\/?hl=fr","https:\/\/www.linkedin.com\/in\/severine-crouvezier-993300185\/"]}]}},"_links":{"self":[{"href":"https:\/\/www.crouvezierdev.fr\/en\/wp-json\/wp\/v2\/pages\/1072","targetHints":{"allow":["GET"]}}],"collection":[{"href":"https:\/\/www.crouvezierdev.fr\/en\/wp-json\/wp\/v2\/pages"}],"about":[{"href":"https:\/\/www.crouvezierdev.fr\/en\/wp-json\/wp\/v2\/types\/page"}],"author":[{"embeddable":true,"href":"https:\/\/www.crouvezierdev.fr\/en\/wp-json\/wp\/v2\/users\/1"}],"replies":[{"embeddable":true,"href":"https:\/\/www.crouvezierdev.fr\/en\/wp-json\/wp\/v2\/comments?post=1072"}],"version-history":[{"count":9,"href":"https:\/\/www.crouvezierdev.fr\/en\/wp-json\/wp\/v2\/pages\/1072\/revisions"}],"predecessor-version":[{"id":2024,"href":"https:\/\/www.crouvezierdev.fr\/en\/wp-json\/wp\/v2\/pages\/1072\/revisions\/2024"}],"wp:attachment":[{"href":"https:\/\/www.crouvezierdev.fr\/en\/wp-json\/wp\/v2\/media?parent=1072"}],"curies":[{"name":"wp","href":"https:\/\/api.w.org\/{rel}","templated":true}]}}