{"id":1084,"date":"2019-10-22T12:12:24","date_gmt":"2019-10-22T10:12:24","guid":{"rendered":"http:\/\/www.crouvezierdev.fr\/?page_id=1084"},"modified":"2022-10-26T14:33:17","modified_gmt":"2022-10-26T12:33:17","slug":"des-hommes-et-des-machines","status":"publish","type":"page","link":"https:\/\/www.crouvezierdev.fr\/en\/des-hommes-et-des-machines\/","title":{"rendered":"People and machines"},"content":{"rendered":"<div data-elementor-type=\"wp-page\" data-elementor-id=\"1084\" class=\"elementor elementor-1084\" data-elementor-post-type=\"page\">\n\t\t\t\t\t\t<section class=\"elementor-section elementor-top-section elementor-element elementor-element-63b12da elementor-section-boxed elementor-section-height-default elementor-section-height-default\" data-id=\"63b12da\" data-element_type=\"section\" data-e-type=\"section\" data-settings=\"{&quot;background_background&quot;:&quot;video&quot;,&quot;background_video_link&quot;:&quot;https:\\\/\\\/www.crouvezierdev.fr\\\/wp-content\\\/uploads\\\/2022\\\/10\\\/hommes-et-machines.mp4&quot;,&quot;background_play_on_mobile&quot;:&quot;yes&quot;}\">\n\t\t\t\t\t\t\t\t<div class=\"elementor-background-video-container\">\n\t\t\t\t\t\t\t\t\t\t\t\t\t<video class=\"elementor-background-video-hosted\" role=\"presentation\" autoplay muted playsinline loop><\/video>\n\t\t\t\t\t\t\t\t\t\t\t<\/div>\n\t\t\t\t\t\t\t\t\t<div class=\"elementor-background-overlay\"><\/div>\n\t\t\t\t\t\t\t<div class=\"elementor-container elementor-column-gap-default\">\n\t\t\t\t\t<div class=\"elementor-column elementor-col-100 elementor-top-column elementor-element elementor-element-14a69e3\" data-id=\"14a69e3\" data-element_type=\"column\" data-e-type=\"column\">\n\t\t\t<div class=\"elementor-widget-wrap elementor-element-populated\">\n\t\t\t\t\t\t<div class=\"elementor-element elementor-element-ef08693 elementor-widget elementor-widget-heading\" data-id=\"ef08693\" data-element_type=\"widget\" data-e-type=\"widget\" data-widget_type=\"heading.default\">\n\t\t\t\t<div class=\"elementor-widget-container\">\n\t\t\t\t\t<h1 class=\"elementor-heading-title elementor-size-default\">Des Hommes et des machines\u200b<\/h1>\t\t\t\t<\/div>\n\t\t\t\t<\/div>\n\t\t\t\t\t<\/div>\n\t\t<\/div>\n\t\t\t\t\t<\/div>\n\t\t<\/section>\n\t\t\t\t<section class=\"elementor-section elementor-top-section elementor-element elementor-element-37611c9 elementor-section-boxed elementor-section-height-default elementor-section-height-default\" data-id=\"37611c9\" data-element_type=\"section\" data-e-type=\"section\">\n\t\t\t\t\t\t<div class=\"elementor-container elementor-column-gap-default\">\n\t\t\t\t\t<div class=\"elementor-column elementor-col-100 elementor-top-column elementor-element elementor-element-af0228e\" data-id=\"af0228e\" data-element_type=\"column\" data-e-type=\"column\">\n\t\t\t<div class=\"elementor-widget-wrap elementor-element-populated\">\n\t\t\t\t\t\t<div class=\"elementor-element elementor-element-6e931a5 elementor-widget elementor-widget-spacer\" data-id=\"6e931a5\" data-element_type=\"widget\" data-e-type=\"widget\" data-widget_type=\"spacer.default\">\n\t\t\t\t<div class=\"elementor-widget-container\">\n\t\t\t\t\t\t\t<div class=\"elementor-spacer\">\n\t\t\t<div class=\"elementor-spacer-inner\"><\/div>\n\t\t<\/div>\n\t\t\t\t\t\t<\/div>\n\t\t\t\t<\/div>\n\t\t\t\t<div class=\"elementor-element elementor-element-2db1278 elementor-widget elementor-widget-text-editor\" data-id=\"2db1278\" data-element_type=\"widget\" data-e-type=\"widget\" data-widget_type=\"text-editor.default\">\n\t\t\t\t<div class=\"elementor-widget-container\">\n\t\t\t\t\t\t\t\t\t<p>Meeting the challenge of technological change requires appropriate equipment and personnel.&nbsp;<\/p>\n<p>Crouvezier D\u00e9veloppement has always played the innovation card and invested in both machinery and human resources.&nbsp;<\/p>\n<p>Today, more than 50 employees, trained within the company, have acquired a level of knowledge in the field of textiles that allows them to evolve within the company in a motivating way, to work with technologically developed equipment. Thanks to them, the quality, speed and cost of treatments are improved.&nbsp;<\/p>\n<p>In the company, there are many different trades, each with its own know-how.&nbsp;<\/p>\n<p>It is important to know that there are no more schools for these professions. The employees therefore learn on the spot thanks to the transmission of know-how within the company.&nbsp;<\/p>\n<p>Crouvezier D\u00e9veloppement has a fleet of around fifty machines which enables it to ensure a daily production of around 120,000m. In this machine park, we find for example:&nbsp;<\/p>\n<p>- a continuous bleaching machine (up to 3.20m);&nbsp;<\/p>\n<p>- dyeing machines (jigger and pad-batch up to 3.20m);<\/p>\n<p>- three drying and finishing stenters;<\/p>\n<p>- a large width single-colour coating and printing machine;<\/p>\n<p>- a 12-colour rotary screen-printing machine (up to 1.80m);<\/p>\n<p>- two digital printing machines, one for polyester, the second for cellulosic fibres (up to 3.20m);&nbsp;<\/p>\n<p>- a raising machine (up to 2.80m);&nbsp;&nbsp;<\/p>\n<p>- an emerising machine (up to 2.80m);&nbsp;&nbsp;<\/p>\n<p>- a sanfor, pre-shrinking machine (up to 2.80m);&nbsp;&nbsp;<\/p>\n<p>&#8211; une calandre (allant jusqu&rsquo;\u00e0 3,30m) ;&nbsp;<\/p>\n<p>- as well as machines for conditioning the fabrics on pallets or rolls.<\/p>\t\t\t\t\t\t\t\t<\/div>\n\t\t\t\t<\/div>\n\t\t\t\t\t<\/div>\n\t\t<\/div>\n\t\t\t\t\t<\/div>\n\t\t<\/section>\n\t\t\t\t<section class=\"elementor-section elementor-top-section elementor-element elementor-element-fd9b16b elementor-section-boxed elementor-section-height-default elementor-section-height-default\" data-id=\"fd9b16b\" data-element_type=\"section\" data-e-type=\"section\">\n\t\t\t\t\t\t<div class=\"elementor-container elementor-column-gap-default\">\n\t\t\t\t\t<div class=\"elementor-column elementor-col-100 elementor-top-column elementor-element elementor-element-3aed3c8\" data-id=\"3aed3c8\" data-element_type=\"column\" data-e-type=\"column\">\n\t\t\t<div class=\"elementor-widget-wrap\">\n\t\t\t\t\t\t\t<\/div>\n\t\t<\/div>\n\t\t\t\t\t<\/div>\n\t\t<\/section>\n\t\t\t\t<\/div>","protected":false},"excerpt":{"rendered":"<p>Des Hommes et des machines\u200b Pour relever le d\u00e9fi des mutations technologiques, il faut disposer de mat\u00e9riel et personnel adapt\u00e9.&nbsp; Depuis toujours, Crouvezier D\u00e9veloppement joue la carte de l&rsquo;innovation et investit, tant dans les machines que dans les ressources humaines.&nbsp; Aujourd&rsquo;hui, plus de 50 salari\u00e9s, form\u00e9s au sein de la maison, ont acquis un niveau [&hellip;]<\/p>\n","protected":false},"author":1,"featured_media":0,"parent":0,"menu_order":0,"comment_status":"closed","ping_status":"closed","template":"elementor_header_footer","meta":{"sfsi_plus_gutenberg_text_before_share":"","sfsi_plus_gutenberg_show_text_before_share":"","sfsi_plus_gutenberg_icon_type":"","sfsi_plus_gutenberg_icon_alignemt":"","sfsi_plus_gutenburg_max_per_row":"","footnotes":""},"class_list":["post-1084","page","type-page","status-publish","hentry"],"yoast_head":"<!-- This site is optimized with the Yoast SEO plugin v27.2 - https:\/\/yoast.com\/product\/yoast-seo-wordpress\/ -->\n<title>Des Hommes et des machines - Crouvezier D\u00e9veloppement<\/title>\n<meta name=\"description\" content=\"Depuis toujours, Crouvezier D\u00e9veloppement joue la carte de l&#039;innovation et investit, tant dans les machines que dans les ressources humaines.\" \/>\n<meta name=\"robots\" content=\"index, follow, max-snippet:-1, max-image-preview:large, max-video-preview:-1\" \/>\n<link rel=\"canonical\" href=\"https:\/\/www.crouvezierdev.fr\/en\/des-hommes-et-des-machines\/\" \/>\n<meta property=\"og:locale\" content=\"en_GB\" \/>\n<meta property=\"og:type\" content=\"article\" \/>\n<meta property=\"og:title\" content=\"Des Hommes et des machines - Crouvezier D\u00e9veloppement\" \/>\n<meta property=\"og:description\" content=\"Depuis toujours, Crouvezier D\u00e9veloppement joue la carte de l&#039;innovation et investit, tant dans les machines que dans les ressources humaines.\" \/>\n<meta property=\"og:url\" content=\"https:\/\/www.crouvezierdev.fr\/en\/des-hommes-et-des-machines\/\" \/>\n<meta property=\"og:site_name\" content=\"Crouvezier D\u00e9veloppement\" \/>\n<meta property=\"article:publisher\" content=\"https:\/\/www.facebook.com\/crouvezierdev\/?modal=admin_todo_tour\" \/>\n<meta property=\"article:modified_time\" content=\"2022-10-26T12:33:17+00:00\" \/>\n<meta name=\"twitter:card\" content=\"summary_large_image\" \/>\n<meta name=\"twitter:site\" content=\"@crouvezierdev\" \/>\n<meta name=\"twitter:label1\" content=\"Estimated reading time\" \/>\n\t<meta name=\"twitter:data1\" content=\"2 minutes\" \/>\n<script type=\"application\/ld+json\" class=\"yoast-schema-graph\">{\"@context\":\"https:\/\/schema.org\",\"@graph\":[{\"@type\":\"WebPage\",\"@id\":\"https:\/\/www.crouvezierdev.fr\/des-hommes-et-des-machines\/\",\"url\":\"https:\/\/www.crouvezierdev.fr\/des-hommes-et-des-machines\/\",\"name\":\"Des Hommes et des machines - Crouvezier D\u00e9veloppement\",\"isPartOf\":{\"@id\":\"https:\/\/www.crouvezierdev.fr\/#website\"},\"datePublished\":\"2019-10-22T10:12:24+00:00\",\"dateModified\":\"2022-10-26T12:33:17+00:00\",\"description\":\"Depuis toujours, Crouvezier D\u00e9veloppement joue la carte de l'innovation et investit, tant dans les machines que dans les ressources humaines.\",\"breadcrumb\":{\"@id\":\"https:\/\/www.crouvezierdev.fr\/des-hommes-et-des-machines\/#breadcrumb\"},\"inLanguage\":\"en-GB\",\"potentialAction\":[{\"@type\":\"ReadAction\",\"target\":[\"https:\/\/www.crouvezierdev.fr\/des-hommes-et-des-machines\/\"]}]},{\"@type\":\"BreadcrumbList\",\"@id\":\"https:\/\/www.crouvezierdev.fr\/des-hommes-et-des-machines\/#breadcrumb\",\"itemListElement\":[{\"@type\":\"ListItem\",\"position\":1,\"name\":\"Accueil\",\"item\":\"https:\/\/www.crouvezierdev.fr\/\"},{\"@type\":\"ListItem\",\"position\":2,\"name\":\"Des Hommes et des machines\"}]},{\"@type\":\"WebSite\",\"@id\":\"https:\/\/www.crouvezierdev.fr\/#website\",\"url\":\"https:\/\/www.crouvezierdev.fr\/\",\"name\":\"Crouvezier D\u00e9veloppement\",\"description\":\"Ennoblissement, teinture, impression textile\",\"publisher\":{\"@id\":\"https:\/\/www.crouvezierdev.fr\/#organization\"},\"potentialAction\":[{\"@type\":\"SearchAction\",\"target\":{\"@type\":\"EntryPoint\",\"urlTemplate\":\"https:\/\/www.crouvezierdev.fr\/?s={search_term_string}\"},\"query-input\":{\"@type\":\"PropertyValueSpecification\",\"valueRequired\":true,\"valueName\":\"search_term_string\"}}],\"inLanguage\":\"en-GB\"},{\"@type\":\"Organization\",\"@id\":\"https:\/\/www.crouvezierdev.fr\/#organization\",\"name\":\"Crouvezier D\u00e9veloppement\",\"url\":\"https:\/\/www.crouvezierdev.fr\/\",\"logo\":{\"@type\":\"ImageObject\",\"inLanguage\":\"en-GB\",\"@id\":\"https:\/\/www.crouvezierdev.fr\/#\/schema\/logo\/image\/\",\"url\":\"https:\/\/www.crouvezierdev.fr\/wp-content\/uploads\/2019\/06\/screen-2.png\",\"contentUrl\":\"https:\/\/www.crouvezierdev.fr\/wp-content\/uploads\/2019\/06\/screen-2.png\",\"width\":50,\"height\":50,\"caption\":\"Crouvezier D\u00e9veloppement\"},\"image\":{\"@id\":\"https:\/\/www.crouvezierdev.fr\/#\/schema\/logo\/image\/\"},\"sameAs\":[\"https:\/\/www.facebook.com\/crouvezierdev\/?modal=admin_todo_tour\",\"https:\/\/x.com\/crouvezierdev\",\"https:\/\/www.instagram.com\/crouvezierdev\/?hl=fr\",\"https:\/\/www.linkedin.com\/in\/severine-crouvezier-993300185\/\"]}]}<\/script>\n<!-- \/ Yoast SEO plugin. -->","yoast_head_json":{"title":"Des Hommes et des machines - Crouvezier D\u00e9veloppement","description":"Depuis toujours, Crouvezier D\u00e9veloppement joue la carte de l'innovation et investit, tant dans les machines que dans les ressources humaines.","robots":{"index":"index","follow":"follow","max-snippet":"max-snippet:-1","max-image-preview":"max-image-preview:large","max-video-preview":"max-video-preview:-1"},"canonical":"https:\/\/www.crouvezierdev.fr\/en\/des-hommes-et-des-machines\/","og_locale":"en_GB","og_type":"article","og_title":"Des Hommes et des machines - Crouvezier D\u00e9veloppement","og_description":"Depuis toujours, Crouvezier D\u00e9veloppement joue la carte de l'innovation et investit, tant dans les machines que dans les ressources humaines.","og_url":"https:\/\/www.crouvezierdev.fr\/en\/des-hommes-et-des-machines\/","og_site_name":"Crouvezier D\u00e9veloppement","article_publisher":"https:\/\/www.facebook.com\/crouvezierdev\/?modal=admin_todo_tour","article_modified_time":"2022-10-26T12:33:17+00:00","twitter_card":"summary_large_image","twitter_site":"@crouvezierdev","twitter_misc":{"Estimated reading time":"2 minutes"},"schema":{"@context":"https:\/\/schema.org","@graph":[{"@type":"WebPage","@id":"https:\/\/www.crouvezierdev.fr\/des-hommes-et-des-machines\/","url":"https:\/\/www.crouvezierdev.fr\/des-hommes-et-des-machines\/","name":"Des Hommes et des machines - Crouvezier D\u00e9veloppement","isPartOf":{"@id":"https:\/\/www.crouvezierdev.fr\/#website"},"datePublished":"2019-10-22T10:12:24+00:00","dateModified":"2022-10-26T12:33:17+00:00","description":"Depuis toujours, Crouvezier D\u00e9veloppement joue la carte de l'innovation et investit, tant dans les machines que dans les ressources humaines.","breadcrumb":{"@id":"https:\/\/www.crouvezierdev.fr\/des-hommes-et-des-machines\/#breadcrumb"},"inLanguage":"en-GB","potentialAction":[{"@type":"ReadAction","target":["https:\/\/www.crouvezierdev.fr\/des-hommes-et-des-machines\/"]}]},{"@type":"BreadcrumbList","@id":"https:\/\/www.crouvezierdev.fr\/des-hommes-et-des-machines\/#breadcrumb","itemListElement":[{"@type":"ListItem","position":1,"name":"Accueil","item":"https:\/\/www.crouvezierdev.fr\/"},{"@type":"ListItem","position":2,"name":"Des Hommes et des machines"}]},{"@type":"WebSite","@id":"https:\/\/www.crouvezierdev.fr\/#website","url":"https:\/\/www.crouvezierdev.fr\/","name":"Crouvezier D\u00e9veloppement","description":"Ennoblissement, teinture, impression textile","publisher":{"@id":"https:\/\/www.crouvezierdev.fr\/#organization"},"potentialAction":[{"@type":"SearchAction","target":{"@type":"EntryPoint","urlTemplate":"https:\/\/www.crouvezierdev.fr\/?s={search_term_string}"},"query-input":{"@type":"PropertyValueSpecification","valueRequired":true,"valueName":"search_term_string"}}],"inLanguage":"en-GB"},{"@type":"Organization","@id":"https:\/\/www.crouvezierdev.fr\/#organization","name":"Crouvezier D\u00e9veloppement","url":"https:\/\/www.crouvezierdev.fr\/","logo":{"@type":"ImageObject","inLanguage":"en-GB","@id":"https:\/\/www.crouvezierdev.fr\/#\/schema\/logo\/image\/","url":"https:\/\/www.crouvezierdev.fr\/wp-content\/uploads\/2019\/06\/screen-2.png","contentUrl":"https:\/\/www.crouvezierdev.fr\/wp-content\/uploads\/2019\/06\/screen-2.png","width":50,"height":50,"caption":"Crouvezier D\u00e9veloppement"},"image":{"@id":"https:\/\/www.crouvezierdev.fr\/#\/schema\/logo\/image\/"},"sameAs":["https:\/\/www.facebook.com\/crouvezierdev\/?modal=admin_todo_tour","https:\/\/x.com\/crouvezierdev","https:\/\/www.instagram.com\/crouvezierdev\/?hl=fr","https:\/\/www.linkedin.com\/in\/severine-crouvezier-993300185\/"]}]}},"_links":{"self":[{"href":"https:\/\/www.crouvezierdev.fr\/en\/wp-json\/wp\/v2\/pages\/1084","targetHints":{"allow":["GET"]}}],"collection":[{"href":"https:\/\/www.crouvezierdev.fr\/en\/wp-json\/wp\/v2\/pages"}],"about":[{"href":"https:\/\/www.crouvezierdev.fr\/en\/wp-json\/wp\/v2\/types\/page"}],"author":[{"embeddable":true,"href":"https:\/\/www.crouvezierdev.fr\/en\/wp-json\/wp\/v2\/users\/1"}],"replies":[{"embeddable":true,"href":"https:\/\/www.crouvezierdev.fr\/en\/wp-json\/wp\/v2\/comments?post=1084"}],"version-history":[{"count":24,"href":"https:\/\/www.crouvezierdev.fr\/en\/wp-json\/wp\/v2\/pages\/1084\/revisions"}],"predecessor-version":[{"id":2021,"href":"https:\/\/www.crouvezierdev.fr\/en\/wp-json\/wp\/v2\/pages\/1084\/revisions\/2021"}],"wp:attachment":[{"href":"https:\/\/www.crouvezierdev.fr\/en\/wp-json\/wp\/v2\/media?parent=1084"}],"curies":[{"name":"wp","href":"https:\/\/api.w.org\/{rel}","templated":true}]}}