{"id":1109,"date":"2019-10-25T09:19:51","date_gmt":"2019-10-25T07:19:51","guid":{"rendered":"http:\/\/www.crouvezierdev.fr\/?page_id=1109"},"modified":"2022-10-26T14:47:31","modified_gmt":"2022-10-26T12:47:31","slug":"la-teinture","status":"publish","type":"page","link":"https:\/\/www.crouvezierdev.fr\/en\/la-teinture\/","title":{"rendered":"Fabric coloration"},"content":{"rendered":"<div data-elementor-type=\"wp-page\" data-elementor-id=\"1109\" class=\"elementor elementor-1109\" data-elementor-post-type=\"page\">\n\t\t\t\t\t\t<section class=\"elementor-section elementor-top-section elementor-element elementor-element-f124fa4 elementor-section-boxed elementor-section-height-default elementor-section-height-default\" data-id=\"f124fa4\" data-element_type=\"section\" data-e-type=\"section\" data-settings=\"{&quot;background_background&quot;:&quot;video&quot;,&quot;background_video_link&quot;:&quot;https:\\\/\\\/www.crouvezierdev.fr\\\/wp-content\\\/uploads\\\/2022\\\/10\\\/teinture.mp4&quot;,&quot;background_play_on_mobile&quot;:&quot;yes&quot;}\">\n\t\t\t\t\t\t\t\t<div class=\"elementor-background-video-container\">\n\t\t\t\t\t\t\t\t\t\t\t\t\t<video class=\"elementor-background-video-hosted\" role=\"presentation\" autoplay muted playsinline loop><\/video>\n\t\t\t\t\t\t\t\t\t\t\t<\/div>\n\t\t\t\t\t\t\t\t\t<div class=\"elementor-background-overlay\"><\/div>\n\t\t\t\t\t\t\t<div class=\"elementor-container elementor-column-gap-default\">\n\t\t\t\t\t<div class=\"elementor-column elementor-col-100 elementor-top-column elementor-element elementor-element-cad5a42\" data-id=\"cad5a42\" data-element_type=\"column\" data-e-type=\"column\">\n\t\t\t<div class=\"elementor-widget-wrap elementor-element-populated\">\n\t\t\t\t\t\t<div class=\"elementor-element elementor-element-cdd5ade elementor-widget elementor-widget-heading\" data-id=\"cdd5ade\" data-element_type=\"widget\" data-e-type=\"widget\" data-widget_type=\"heading.default\">\n\t\t\t\t<div class=\"elementor-widget-container\">\n\t\t\t\t\t<h1 class=\"elementor-heading-title elementor-size-default\">La teinture :<br>L'art de la couleur<\/h1>\t\t\t\t<\/div>\n\t\t\t\t<\/div>\n\t\t\t\t\t<\/div>\n\t\t<\/div>\n\t\t\t\t\t<\/div>\n\t\t<\/section>\n\t\t\t\t<section class=\"elementor-section elementor-top-section elementor-element elementor-element-8161aa5 elementor-section-boxed elementor-section-height-default elementor-section-height-default\" data-id=\"8161aa5\" data-element_type=\"section\" data-e-type=\"section\">\n\t\t\t\t\t\t<div class=\"elementor-container elementor-column-gap-default\">\n\t\t\t\t\t<div class=\"elementor-column elementor-col-100 elementor-top-column elementor-element elementor-element-a9d18a1\" data-id=\"a9d18a1\" data-element_type=\"column\" data-e-type=\"column\">\n\t\t\t<div class=\"elementor-widget-wrap elementor-element-populated\">\n\t\t\t\t\t\t<div class=\"elementor-element elementor-element-bbdeee2 elementor-widget elementor-widget-spacer\" data-id=\"bbdeee2\" data-element_type=\"widget\" data-e-type=\"widget\" data-widget_type=\"spacer.default\">\n\t\t\t\t<div class=\"elementor-widget-container\">\n\t\t\t\t\t\t\t<div class=\"elementor-spacer\">\n\t\t\t<div class=\"elementor-spacer-inner\"><\/div>\n\t\t<\/div>\n\t\t\t\t\t\t<\/div>\n\t\t\t\t<\/div>\n\t\t\t\t<div class=\"elementor-element elementor-element-20d4ceb elementor-widget elementor-widget-text-editor\" data-id=\"20d4ceb\" data-element_type=\"widget\" data-e-type=\"widget\" data-widget_type=\"text-editor.default\">\n\t\t\t\t<div class=\"elementor-widget-container\">\n\t\t\t\t\t\t\t\t\t<p>The purpose of dyeing is to give a fabric a precise colour, most often different from its natural colour (or white colour) by means of dyes.\u00a0<\/p><p>At Crouvezier D\u00e9veloppement, we work with several types of dyes:\u00a0<\/p>\t\t\t\t\t\t\t\t<\/div>\n\t\t\t\t<\/div>\n\t\t\t\t\t<\/div>\n\t\t<\/div>\n\t\t\t\t\t<\/div>\n\t\t<\/section>\n\t\t\t\t<section class=\"elementor-section elementor-top-section elementor-element elementor-element-3517259 elementor-section-boxed elementor-section-height-default elementor-section-height-default\" data-id=\"3517259\" data-element_type=\"section\" data-e-type=\"section\">\n\t\t\t\t\t\t<div class=\"elementor-container elementor-column-gap-default\">\n\t\t\t\t\t<div class=\"elementor-column elementor-col-100 elementor-top-column elementor-element elementor-element-4e9243c\" data-id=\"4e9243c\" data-element_type=\"column\" data-e-type=\"column\">\n\t\t\t<div class=\"elementor-widget-wrap elementor-element-populated\">\n\t\t\t\t\t\t<div class=\"elementor-element elementor-element-1fd2f44 elementor-widget elementor-widget-spacer\" data-id=\"1fd2f44\" data-element_type=\"widget\" data-e-type=\"widget\" data-widget_type=\"spacer.default\">\n\t\t\t\t<div class=\"elementor-widget-container\">\n\t\t\t\t\t\t\t<div class=\"elementor-spacer\">\n\t\t\t<div class=\"elementor-spacer-inner\"><\/div>\n\t\t<\/div>\n\t\t\t\t\t\t<\/div>\n\t\t\t\t<\/div>\n\t\t\t\t<div class=\"elementor-element elementor-element-f6adb34 elementor-widget elementor-widget-heading\" data-id=\"f6adb34\" data-element_type=\"widget\" data-e-type=\"widget\" data-widget_type=\"heading.default\">\n\t\t\t\t<div class=\"elementor-widget-container\">\n\t\t\t\t\t<h2 class=\"elementor-heading-title elementor-size-default\">Les colorants r\u00e9actifs :\u00a0<\/h2>\t\t\t\t<\/div>\n\t\t\t\t<\/div>\n\t\t\t\t<div class=\"elementor-element elementor-element-476fccc elementor-widget elementor-widget-text-editor\" data-id=\"476fccc\" data-element_type=\"widget\" data-e-type=\"widget\" data-widget_type=\"text-editor.default\">\n\t\t\t\t<div class=\"elementor-widget-container\">\n\t\t\t\t\t\t\t\t\t<p>Offers a very rich range of shades. These dyes have excellent wash-fastness and chemical agents fastness properties (except for chlorine). They are used for dyeing cellulosic materials such as cotton, linen or viscose.\u00a0\u00a0<\/p>\t\t\t\t\t\t\t\t<\/div>\n\t\t\t\t<\/div>\n\t\t\t\t\t<\/div>\n\t\t<\/div>\n\t\t\t\t\t<\/div>\n\t\t<\/section>\n\t\t\t\t<section class=\"elementor-section elementor-top-section elementor-element elementor-element-9dbd77b elementor-section-boxed elementor-section-height-default elementor-section-height-default\" data-id=\"9dbd77b\" data-element_type=\"section\" data-e-type=\"section\">\n\t\t\t\t\t\t<div class=\"elementor-container elementor-column-gap-default\">\n\t\t\t\t\t<div class=\"elementor-column elementor-col-100 elementor-top-column elementor-element elementor-element-8ffcb42\" data-id=\"8ffcb42\" data-element_type=\"column\" data-e-type=\"column\">\n\t\t\t<div class=\"elementor-widget-wrap elementor-element-populated\">\n\t\t\t\t\t\t<div class=\"elementor-element elementor-element-89cd2d3 elementor-widget elementor-widget-spacer\" data-id=\"89cd2d3\" data-element_type=\"widget\" data-e-type=\"widget\" data-widget_type=\"spacer.default\">\n\t\t\t\t<div class=\"elementor-widget-container\">\n\t\t\t\t\t\t\t<div class=\"elementor-spacer\">\n\t\t\t<div class=\"elementor-spacer-inner\"><\/div>\n\t\t<\/div>\n\t\t\t\t\t\t<\/div>\n\t\t\t\t<\/div>\n\t\t\t\t<div class=\"elementor-element elementor-element-84112b0 elementor-widget elementor-widget-heading\" data-id=\"84112b0\" data-element_type=\"widget\" data-e-type=\"widget\" data-widget_type=\"heading.default\">\n\t\t\t\t<div class=\"elementor-widget-container\">\n\t\t\t\t\t<h2 class=\"elementor-heading-title elementor-size-default\">Les colorants cuve :<\/h2>\t\t\t\t<\/div>\n\t\t\t\t<\/div>\n\t\t\t\t<div class=\"elementor-element elementor-element-0e50cc0 elementor-widget elementor-widget-text-editor\" data-id=\"0e50cc0\" data-element_type=\"widget\" data-e-type=\"widget\" data-widget_type=\"text-editor.default\">\n\t\t\t\t<div class=\"elementor-widget-container\">\n\t\t\t\t\t\t\t\t\t<p>These dyes are very resistant to washing, light, rubbing, perspiration and chemical agents (even chlorine). They are used for dyeing cellulosic materials such as cotton, linen or viscose.<\/p>\t\t\t\t\t\t\t\t<\/div>\n\t\t\t\t<\/div>\n\t\t\t\t\t<\/div>\n\t\t<\/div>\n\t\t\t\t\t<\/div>\n\t\t<\/section>\n\t\t\t\t<section class=\"elementor-section elementor-top-section elementor-element elementor-element-495679e elementor-section-boxed elementor-section-height-default elementor-section-height-default\" data-id=\"495679e\" data-element_type=\"section\" data-e-type=\"section\">\n\t\t\t\t\t\t<div class=\"elementor-container elementor-column-gap-default\">\n\t\t\t\t\t<div class=\"elementor-column elementor-col-100 elementor-top-column elementor-element elementor-element-eb2fdc2\" data-id=\"eb2fdc2\" data-element_type=\"column\" data-e-type=\"column\">\n\t\t\t<div class=\"elementor-widget-wrap elementor-element-populated\">\n\t\t\t\t\t\t<div class=\"elementor-element elementor-element-50158fe elementor-widget elementor-widget-spacer\" data-id=\"50158fe\" data-element_type=\"widget\" data-e-type=\"widget\" data-widget_type=\"spacer.default\">\n\t\t\t\t<div class=\"elementor-widget-container\">\n\t\t\t\t\t\t\t<div class=\"elementor-spacer\">\n\t\t\t<div class=\"elementor-spacer-inner\"><\/div>\n\t\t<\/div>\n\t\t\t\t\t\t<\/div>\n\t\t\t\t<\/div>\n\t\t\t\t<div class=\"elementor-element elementor-element-535dc1d elementor-widget elementor-widget-heading\" data-id=\"535dc1d\" data-element_type=\"widget\" data-e-type=\"widget\" data-widget_type=\"heading.default\">\n\t\t\t\t<div class=\"elementor-widget-container\">\n\t\t\t\t\t<h2 class=\"elementor-heading-title elementor-size-default\">Les colorants directs :\u00a0<\/h2>\t\t\t\t<\/div>\n\t\t\t\t<\/div>\n\t\t\t\t<div class=\"elementor-element elementor-element-18f4e23 elementor-widget elementor-widget-text-editor\" data-id=\"18f4e23\" data-element_type=\"widget\" data-e-type=\"widget\" data-widget_type=\"text-editor.default\">\n\t\t\t\t<div class=\"elementor-widget-container\">\n\t\t\t\t\t\t\t\t\t<p>These dyes have good light fastness. They are mainly used for dyeing light colours.\u00a0<\/p>\t\t\t\t\t\t\t\t<\/div>\n\t\t\t\t<\/div>\n\t\t\t\t\t<\/div>\n\t\t<\/div>\n\t\t\t\t\t<\/div>\n\t\t<\/section>\n\t\t\t\t<section class=\"elementor-section elementor-top-section elementor-element elementor-element-a9d7aee elementor-section-boxed elementor-section-height-default elementor-section-height-default\" data-id=\"a9d7aee\" data-element_type=\"section\" data-e-type=\"section\">\n\t\t\t\t\t\t<div class=\"elementor-container elementor-column-gap-default\">\n\t\t\t\t\t<div class=\"elementor-column elementor-col-100 elementor-top-column elementor-element elementor-element-7e6f662\" data-id=\"7e6f662\" data-element_type=\"column\" data-e-type=\"column\">\n\t\t\t<div class=\"elementor-widget-wrap elementor-element-populated\">\n\t\t\t\t\t\t<div class=\"elementor-element elementor-element-a2cc10e elementor-widget elementor-widget-spacer\" data-id=\"a2cc10e\" data-element_type=\"widget\" data-e-type=\"widget\" data-widget_type=\"spacer.default\">\n\t\t\t\t<div class=\"elementor-widget-container\">\n\t\t\t\t\t\t\t<div class=\"elementor-spacer\">\n\t\t\t<div class=\"elementor-spacer-inner\"><\/div>\n\t\t<\/div>\n\t\t\t\t\t\t<\/div>\n\t\t\t\t<\/div>\n\t\t\t\t<div class=\"elementor-element elementor-element-6742cf7 elementor-widget elementor-widget-heading\" data-id=\"6742cf7\" data-element_type=\"widget\" data-e-type=\"widget\" data-widget_type=\"heading.default\">\n\t\t\t\t<div class=\"elementor-widget-container\">\n\t\t\t\t\t<h2 class=\"elementor-heading-title elementor-size-default\">Les colorants dispers\u00e9s :\u00a0<\/h2>\t\t\t\t<\/div>\n\t\t\t\t<\/div>\n\t\t\t\t<div class=\"elementor-element elementor-element-f6b9d06 elementor-widget elementor-widget-text-editor\" data-id=\"f6b9d06\" data-element_type=\"widget\" data-e-type=\"widget\" data-widget_type=\"text-editor.default\">\n\t\t\t\t<div class=\"elementor-widget-container\">\n\t\t\t\t\t\t\t\t\t<p>They are insoluble in water but can be dispersed using appropriate products. They are used for dyeing polyester.\u00a0<\/p>\t\t\t\t\t\t\t\t<\/div>\n\t\t\t\t<\/div>\n\t\t\t\t\t<\/div>\n\t\t<\/div>\n\t\t\t\t\t<\/div>\n\t\t<\/section>\n\t\t\t\t<section class=\"elementor-section elementor-top-section elementor-element elementor-element-73cedf7 elementor-section-boxed elementor-section-height-default elementor-section-height-default\" data-id=\"73cedf7\" data-element_type=\"section\" data-e-type=\"section\">\n\t\t\t\t\t\t<div class=\"elementor-container elementor-column-gap-default\">\n\t\t\t\t\t<div class=\"elementor-column elementor-col-100 elementor-top-column elementor-element elementor-element-562b7e3\" data-id=\"562b7e3\" data-element_type=\"column\" data-e-type=\"column\">\n\t\t\t<div class=\"elementor-widget-wrap elementor-element-populated\">\n\t\t\t\t\t\t<div class=\"elementor-element elementor-element-a279590 elementor-widget elementor-widget-spacer\" data-id=\"a279590\" data-element_type=\"widget\" data-e-type=\"widget\" data-widget_type=\"spacer.default\">\n\t\t\t\t<div class=\"elementor-widget-container\">\n\t\t\t\t\t\t\t<div class=\"elementor-spacer\">\n\t\t\t<div class=\"elementor-spacer-inner\"><\/div>\n\t\t<\/div>\n\t\t\t\t\t\t<\/div>\n\t\t\t\t<\/div>\n\t\t\t\t<div class=\"elementor-element elementor-element-f64bf60 elementor-widget elementor-widget-heading\" data-id=\"f64bf60\" data-element_type=\"widget\" data-e-type=\"widget\" data-widget_type=\"heading.default\">\n\t\t\t\t<div class=\"elementor-widget-container\">\n\t\t\t\t\t<h2 class=\"elementor-heading-title elementor-size-default\">Les colorants pigmentaires :\u00a0<\/h2>\t\t\t\t<\/div>\n\t\t\t\t<\/div>\n\t\t\t\t<div class=\"elementor-element elementor-element-9767318 elementor-widget elementor-widget-text-editor\" data-id=\"9767318\" data-element_type=\"widget\" data-e-type=\"widget\" data-widget_type=\"text-editor.default\">\n\t\t\t\t<div class=\"elementor-widget-container\">\n\t\t\t\t\t\t\t\t\t<p>These are small coloured particles insoluble in water, which are incorporated into resins that are applied to the fibre. They are used for artificial and synthetic fibres. However, the resulting dyes are rub-sensitive.<\/p>\t\t\t\t\t\t\t\t<\/div>\n\t\t\t\t<\/div>\n\t\t\t\t\t<\/div>\n\t\t<\/div>\n\t\t\t\t\t<\/div>\n\t\t<\/section>\n\t\t\t\t<\/div>","protected":false},"excerpt":{"rendered":"<p>La teinture :L&rsquo;art de la couleur La teinture a pour but de donner \u00e0 un tissu un coloris pr\u00e9cis, le plus souvent diff\u00e9rent de sa couleur naturelle (ou du blanc) \u00e0 l&rsquo;aide de colorants.\u00a0 Chez Crouvezier D\u00e9veloppement, nous utilisons plusieurs types de colorants :\u00a0 Les colorants r\u00e9actifs :\u00a0 Ces colorants ont une excellente solidit\u00e9 au [&hellip;]<\/p>\n","protected":false},"author":1,"featured_media":0,"parent":0,"menu_order":0,"comment_status":"closed","ping_status":"closed","template":"elementor_header_footer","meta":{"sfsi_plus_gutenberg_text_before_share":"","sfsi_plus_gutenberg_show_text_before_share":"","sfsi_plus_gutenberg_icon_type":"","sfsi_plus_gutenberg_icon_alignemt":"","sfsi_plus_gutenburg_max_per_row":"","footnotes":""},"class_list":["post-1109","page","type-page","status-publish","hentry"],"yoast_head":"<!-- This site is optimized with the Yoast SEO plugin v27.4 - https:\/\/yoast.com\/product\/yoast-seo-wordpress\/ -->\n<title>La teinture - Crouvezier D\u00e9veloppement<\/title>\n<meta name=\"description\" content=\"Crouvezier D\u00e9veloppement et l&#039;art de la couleur! Une teinture consiste \u00e0 faire absorber des colorants par les fibres puis \u00e0 les fixer \u00e0 l&#039;int\u00e9rieur.\" \/>\n<meta name=\"robots\" content=\"index, follow, max-snippet:-1, max-image-preview:large, max-video-preview:-1\" \/>\n<link rel=\"canonical\" href=\"https:\/\/www.crouvezierdev.fr\/en\/la-teinture\/\" \/>\n<meta property=\"og:locale\" content=\"en_GB\" \/>\n<meta property=\"og:type\" content=\"article\" \/>\n<meta property=\"og:title\" content=\"La teinture - Crouvezier D\u00e9veloppement\" \/>\n<meta property=\"og:description\" content=\"Crouvezier D\u00e9veloppement et l&#039;art de la couleur! Une teinture consiste \u00e0 faire absorber des colorants par les fibres puis \u00e0 les fixer \u00e0 l&#039;int\u00e9rieur.\" \/>\n<meta property=\"og:url\" content=\"https:\/\/www.crouvezierdev.fr\/en\/la-teinture\/\" \/>\n<meta property=\"og:site_name\" content=\"Crouvezier D\u00e9veloppement\" \/>\n<meta property=\"article:publisher\" content=\"https:\/\/www.facebook.com\/crouvezierdev\/?modal=admin_todo_tour\" \/>\n<meta property=\"article:modified_time\" content=\"2022-10-26T12:47:31+00:00\" \/>\n<meta name=\"twitter:card\" content=\"summary_large_image\" \/>\n<meta name=\"twitter:site\" content=\"@crouvezierdev\" \/>\n<meta name=\"twitter:label1\" content=\"Estimated reading time\" \/>\n\t<meta name=\"twitter:data1\" content=\"1 minute\" \/>\n<script type=\"application\/ld+json\" class=\"yoast-schema-graph\">{\"@context\":\"https:\\\/\\\/schema.org\",\"@graph\":[{\"@type\":\"WebPage\",\"@id\":\"https:\\\/\\\/www.crouvezierdev.fr\\\/la-teinture\\\/\",\"url\":\"https:\\\/\\\/www.crouvezierdev.fr\\\/la-teinture\\\/\",\"name\":\"La teinture - Crouvezier D\u00e9veloppement\",\"isPartOf\":{\"@id\":\"https:\\\/\\\/www.crouvezierdev.fr\\\/#website\"},\"datePublished\":\"2019-10-25T07:19:51+00:00\",\"dateModified\":\"2022-10-26T12:47:31+00:00\",\"description\":\"Crouvezier D\u00e9veloppement et l'art de la couleur! Une teinture consiste \u00e0 faire absorber des colorants par les fibres puis \u00e0 les fixer \u00e0 l'int\u00e9rieur.\",\"breadcrumb\":{\"@id\":\"https:\\\/\\\/www.crouvezierdev.fr\\\/la-teinture\\\/#breadcrumb\"},\"inLanguage\":\"en-GB\",\"potentialAction\":[{\"@type\":\"ReadAction\",\"target\":[\"https:\\\/\\\/www.crouvezierdev.fr\\\/la-teinture\\\/\"]}]},{\"@type\":\"BreadcrumbList\",\"@id\":\"https:\\\/\\\/www.crouvezierdev.fr\\\/la-teinture\\\/#breadcrumb\",\"itemListElement\":[{\"@type\":\"ListItem\",\"position\":1,\"name\":\"Accueil\",\"item\":\"https:\\\/\\\/www.crouvezierdev.fr\\\/\"},{\"@type\":\"ListItem\",\"position\":2,\"name\":\"La teinture\"}]},{\"@type\":\"WebSite\",\"@id\":\"https:\\\/\\\/www.crouvezierdev.fr\\\/#website\",\"url\":\"https:\\\/\\\/www.crouvezierdev.fr\\\/\",\"name\":\"Crouvezier D\u00e9veloppement\",\"description\":\"Ennoblissement, teinture, impression textile\",\"publisher\":{\"@id\":\"https:\\\/\\\/www.crouvezierdev.fr\\\/#organization\"},\"potentialAction\":[{\"@type\":\"SearchAction\",\"target\":{\"@type\":\"EntryPoint\",\"urlTemplate\":\"https:\\\/\\\/www.crouvezierdev.fr\\\/?s={search_term_string}\"},\"query-input\":{\"@type\":\"PropertyValueSpecification\",\"valueRequired\":true,\"valueName\":\"search_term_string\"}}],\"inLanguage\":\"en-GB\"},{\"@type\":\"Organization\",\"@id\":\"https:\\\/\\\/www.crouvezierdev.fr\\\/#organization\",\"name\":\"Crouvezier D\u00e9veloppement\",\"url\":\"https:\\\/\\\/www.crouvezierdev.fr\\\/\",\"logo\":{\"@type\":\"ImageObject\",\"inLanguage\":\"en-GB\",\"@id\":\"https:\\\/\\\/www.crouvezierdev.fr\\\/#\\\/schema\\\/logo\\\/image\\\/\",\"url\":\"https:\\\/\\\/www.crouvezierdev.fr\\\/wp-content\\\/uploads\\\/2019\\\/06\\\/screen-2.png\",\"contentUrl\":\"https:\\\/\\\/www.crouvezierdev.fr\\\/wp-content\\\/uploads\\\/2019\\\/06\\\/screen-2.png\",\"width\":50,\"height\":50,\"caption\":\"Crouvezier D\u00e9veloppement\"},\"image\":{\"@id\":\"https:\\\/\\\/www.crouvezierdev.fr\\\/#\\\/schema\\\/logo\\\/image\\\/\"},\"sameAs\":[\"https:\\\/\\\/www.facebook.com\\\/crouvezierdev\\\/?modal=admin_todo_tour\",\"https:\\\/\\\/x.com\\\/crouvezierdev\",\"https:\\\/\\\/www.instagram.com\\\/crouvezierdev\\\/?hl=fr\",\"https:\\\/\\\/www.linkedin.com\\\/in\\\/severine-crouvezier-993300185\\\/\"]}]}<\/script>\n<!-- \/ Yoast SEO plugin. -->","yoast_head_json":{"title":"La teinture - Crouvezier D\u00e9veloppement","description":"Crouvezier D\u00e9veloppement et l'art de la couleur! Une teinture consiste \u00e0 faire absorber des colorants par les fibres puis \u00e0 les fixer \u00e0 l'int\u00e9rieur.","robots":{"index":"index","follow":"follow","max-snippet":"max-snippet:-1","max-image-preview":"max-image-preview:large","max-video-preview":"max-video-preview:-1"},"canonical":"https:\/\/www.crouvezierdev.fr\/en\/la-teinture\/","og_locale":"en_GB","og_type":"article","og_title":"La teinture - Crouvezier D\u00e9veloppement","og_description":"Crouvezier D\u00e9veloppement et l'art de la couleur! Une teinture consiste \u00e0 faire absorber des colorants par les fibres puis \u00e0 les fixer \u00e0 l'int\u00e9rieur.","og_url":"https:\/\/www.crouvezierdev.fr\/en\/la-teinture\/","og_site_name":"Crouvezier D\u00e9veloppement","article_publisher":"https:\/\/www.facebook.com\/crouvezierdev\/?modal=admin_todo_tour","article_modified_time":"2022-10-26T12:47:31+00:00","twitter_card":"summary_large_image","twitter_site":"@crouvezierdev","twitter_misc":{"Estimated reading time":"1 minute"},"schema":{"@context":"https:\/\/schema.org","@graph":[{"@type":"WebPage","@id":"https:\/\/www.crouvezierdev.fr\/la-teinture\/","url":"https:\/\/www.crouvezierdev.fr\/la-teinture\/","name":"La teinture - Crouvezier D\u00e9veloppement","isPartOf":{"@id":"https:\/\/www.crouvezierdev.fr\/#website"},"datePublished":"2019-10-25T07:19:51+00:00","dateModified":"2022-10-26T12:47:31+00:00","description":"Crouvezier D\u00e9veloppement et l'art de la couleur! Une teinture consiste \u00e0 faire absorber des colorants par les fibres puis \u00e0 les fixer \u00e0 l'int\u00e9rieur.","breadcrumb":{"@id":"https:\/\/www.crouvezierdev.fr\/la-teinture\/#breadcrumb"},"inLanguage":"en-GB","potentialAction":[{"@type":"ReadAction","target":["https:\/\/www.crouvezierdev.fr\/la-teinture\/"]}]},{"@type":"BreadcrumbList","@id":"https:\/\/www.crouvezierdev.fr\/la-teinture\/#breadcrumb","itemListElement":[{"@type":"ListItem","position":1,"name":"Accueil","item":"https:\/\/www.crouvezierdev.fr\/"},{"@type":"ListItem","position":2,"name":"La teinture"}]},{"@type":"WebSite","@id":"https:\/\/www.crouvezierdev.fr\/#website","url":"https:\/\/www.crouvezierdev.fr\/","name":"Crouvezier D\u00e9veloppement","description":"Ennoblissement, teinture, impression textile","publisher":{"@id":"https:\/\/www.crouvezierdev.fr\/#organization"},"potentialAction":[{"@type":"SearchAction","target":{"@type":"EntryPoint","urlTemplate":"https:\/\/www.crouvezierdev.fr\/?s={search_term_string}"},"query-input":{"@type":"PropertyValueSpecification","valueRequired":true,"valueName":"search_term_string"}}],"inLanguage":"en-GB"},{"@type":"Organization","@id":"https:\/\/www.crouvezierdev.fr\/#organization","name":"Crouvezier D\u00e9veloppement","url":"https:\/\/www.crouvezierdev.fr\/","logo":{"@type":"ImageObject","inLanguage":"en-GB","@id":"https:\/\/www.crouvezierdev.fr\/#\/schema\/logo\/image\/","url":"https:\/\/www.crouvezierdev.fr\/wp-content\/uploads\/2019\/06\/screen-2.png","contentUrl":"https:\/\/www.crouvezierdev.fr\/wp-content\/uploads\/2019\/06\/screen-2.png","width":50,"height":50,"caption":"Crouvezier D\u00e9veloppement"},"image":{"@id":"https:\/\/www.crouvezierdev.fr\/#\/schema\/logo\/image\/"},"sameAs":["https:\/\/www.facebook.com\/crouvezierdev\/?modal=admin_todo_tour","https:\/\/x.com\/crouvezierdev","https:\/\/www.instagram.com\/crouvezierdev\/?hl=fr","https:\/\/www.linkedin.com\/in\/severine-crouvezier-993300185\/"]}]}},"_links":{"self":[{"href":"https:\/\/www.crouvezierdev.fr\/en\/wp-json\/wp\/v2\/pages\/1109","targetHints":{"allow":["GET"]}}],"collection":[{"href":"https:\/\/www.crouvezierdev.fr\/en\/wp-json\/wp\/v2\/pages"}],"about":[{"href":"https:\/\/www.crouvezierdev.fr\/en\/wp-json\/wp\/v2\/types\/page"}],"author":[{"embeddable":true,"href":"https:\/\/www.crouvezierdev.fr\/en\/wp-json\/wp\/v2\/users\/1"}],"replies":[{"embeddable":true,"href":"https:\/\/www.crouvezierdev.fr\/en\/wp-json\/wp\/v2\/comments?post=1109"}],"version-history":[{"count":26,"href":"https:\/\/www.crouvezierdev.fr\/en\/wp-json\/wp\/v2\/pages\/1109\/revisions"}],"predecessor-version":[{"id":2053,"href":"https:\/\/www.crouvezierdev.fr\/en\/wp-json\/wp\/v2\/pages\/1109\/revisions\/2053"}],"wp:attachment":[{"href":"https:\/\/www.crouvezierdev.fr\/en\/wp-json\/wp\/v2\/media?parent=1109"}],"curies":[{"name":"wp","href":"https:\/\/api.w.org\/{rel}","templated":true}]}}