{"id":1119,"date":"2019-10-25T15:45:41","date_gmt":"2019-10-25T13:45:41","guid":{"rendered":"http:\/\/www.crouvezierdev.fr\/?page_id=1119"},"modified":"2022-10-26T14:49:02","modified_gmt":"2022-10-26T12:49:02","slug":"limpression","status":"publish","type":"page","link":"https:\/\/www.crouvezierdev.fr\/en\/limpression\/","title":{"rendered":"Printing"},"content":{"rendered":"<div data-elementor-type=\"wp-page\" data-elementor-id=\"1119\" class=\"elementor elementor-1119\" data-elementor-post-type=\"page\">\n\t\t\t\t\t\t<section class=\"elementor-section elementor-top-section elementor-element elementor-element-1bcc0f8 elementor-section-boxed elementor-section-height-default elementor-section-height-default\" data-id=\"1bcc0f8\" data-element_type=\"section\" data-e-type=\"section\" data-settings=\"{&quot;background_background&quot;:&quot;video&quot;,&quot;background_video_link&quot;:&quot;https:\\\/\\\/www.crouvezierdev.fr\\\/wp-content\\\/uploads\\\/2022\\\/10\\\/impression.mp4&quot;,&quot;background_play_on_mobile&quot;:&quot;yes&quot;}\">\n\t\t\t\t\t\t\t\t<div class=\"elementor-background-video-container\">\n\t\t\t\t\t\t\t\t\t\t\t\t\t<video class=\"elementor-background-video-hosted\" role=\"presentation\" autoplay muted playsinline loop><\/video>\n\t\t\t\t\t\t\t\t\t\t\t<\/div>\n\t\t\t\t\t\t\t\t\t<div class=\"elementor-background-overlay\"><\/div>\n\t\t\t\t\t\t\t<div class=\"elementor-container elementor-column-gap-default\">\n\t\t\t\t\t<div class=\"elementor-column elementor-col-100 elementor-top-column elementor-element elementor-element-88495c8\" data-id=\"88495c8\" data-element_type=\"column\" data-e-type=\"column\">\n\t\t\t<div class=\"elementor-widget-wrap elementor-element-populated\">\n\t\t\t\t\t\t<div class=\"elementor-element elementor-element-9525d40 elementor-widget elementor-widget-heading\" data-id=\"9525d40\" data-element_type=\"widget\" data-e-type=\"widget\" data-widget_type=\"heading.default\">\n\t\t\t\t<div class=\"elementor-widget-container\">\n\t\t\t\t\t<h1 class=\"elementor-heading-title elementor-size-default\">L'impression : <br> Bringing colours to life!<\/h1>\t\t\t\t<\/div>\n\t\t\t\t<\/div>\n\t\t\t\t\t<\/div>\n\t\t<\/div>\n\t\t\t\t\t<\/div>\n\t\t<\/section>\n\t\t\t\t<section class=\"elementor-section elementor-top-section elementor-element elementor-element-7d0fbc75 elementor-section-boxed elementor-section-height-default elementor-section-height-default\" data-id=\"7d0fbc75\" data-element_type=\"section\" data-e-type=\"section\">\n\t\t\t\t\t\t<div class=\"elementor-container elementor-column-gap-default\">\n\t\t\t\t\t<div class=\"elementor-column elementor-col-100 elementor-top-column elementor-element elementor-element-44681dc5\" data-id=\"44681dc5\" data-element_type=\"column\" data-e-type=\"column\">\n\t\t\t<div class=\"elementor-widget-wrap elementor-element-populated\">\n\t\t\t\t\t\t<div class=\"elementor-element elementor-element-212a44e7 elementor-widget elementor-widget-text-editor\" data-id=\"212a44e7\" data-element_type=\"widget\" data-e-type=\"widget\" data-widget_type=\"text-editor.default\">\n\t\t\t\t<div class=\"elementor-widget-container\">\n\t\t\t\t\t\t\t\t\t\n<div class=\"wp-block-themeisle-blocks-advanced-columns has-undefined-columns has-desktop-undefined-layout has-tablet-equal-layout has-mobile-equal-layout has-default-gap has-vertical-unset\" id=\"wp-block-themeisle-blocks-advanced-columns-9bb9e900\" style=\"border-width:0px;border-style:solid;border-color:#000000;border-radius:0px;justify-content:unset\"><div class=\"wp-themeisle-block-overlay\" style=\"opacity:0.5;mix-blend-mode:normal\"><\/div><div class=\"innerblocks-wrap\"><\/div><\/div>\n\t\t\t\t\t\t\t\t<\/div>\n\t\t\t\t<\/div>\n\t\t\t\t\t<\/div>\n\t\t<\/div>\n\t\t\t\t\t<\/div>\n\t\t<\/section>\n\t\t\t\t<section class=\"elementor-section elementor-top-section elementor-element elementor-element-403752c elementor-section-boxed elementor-section-height-default elementor-section-height-default\" data-id=\"403752c\" data-element_type=\"section\" data-e-type=\"section\">\n\t\t\t\t\t\t<div class=\"elementor-container elementor-column-gap-default\">\n\t\t\t\t\t<div class=\"elementor-column elementor-col-100 elementor-top-column elementor-element elementor-element-5b32a41\" data-id=\"5b32a41\" data-element_type=\"column\" data-e-type=\"column\">\n\t\t\t<div class=\"elementor-widget-wrap elementor-element-populated\">\n\t\t\t\t\t\t<div class=\"elementor-element elementor-element-d3d9558 elementor-widget elementor-widget-text-editor\" data-id=\"d3d9558\" data-element_type=\"widget\" data-e-type=\"widget\" data-widget_type=\"text-editor.default\">\n\t\t\t\t<div class=\"elementor-widget-container\">\n\t\t\t\t\t\t\t\t\t<p>Crouvezier D\u00e9veloppement has two distinguish printing processes:\u00a0<\/p>\n<ul>\n<li>Traditional rotary screen printing<\/li>\n<li>Digital printing via its UP' Textile branch<\/li>\n<\/ul>\t\t\t\t\t\t\t\t<\/div>\n\t\t\t\t<\/div>\n\t\t\t\t\t<\/div>\n\t\t<\/div>\n\t\t\t\t\t<\/div>\n\t\t<\/section>\n\t\t\t\t<section class=\"elementor-section elementor-top-section elementor-element elementor-element-e020770 elementor-section-boxed elementor-section-height-default elementor-section-height-default\" data-id=\"e020770\" data-element_type=\"section\" data-e-type=\"section\">\n\t\t\t\t\t\t<div class=\"elementor-container elementor-column-gap-default\">\n\t\t\t\t\t<div class=\"elementor-column elementor-col-100 elementor-top-column elementor-element elementor-element-2cbd4f6\" data-id=\"2cbd4f6\" data-element_type=\"column\" data-e-type=\"column\">\n\t\t\t<div class=\"elementor-widget-wrap elementor-element-populated\">\n\t\t\t\t\t\t<div class=\"elementor-element elementor-element-d67638a elementor-widget elementor-widget-spacer\" data-id=\"d67638a\" data-element_type=\"widget\" data-e-type=\"widget\" data-widget_type=\"spacer.default\">\n\t\t\t\t<div class=\"elementor-widget-container\">\n\t\t\t\t\t\t\t<div class=\"elementor-spacer\">\n\t\t\t<div class=\"elementor-spacer-inner\"><\/div>\n\t\t<\/div>\n\t\t\t\t\t\t<\/div>\n\t\t\t\t<\/div>\n\t\t\t\t<div class=\"elementor-element elementor-element-e51279b elementor-widget elementor-widget-heading\" data-id=\"e51279b\" data-element_type=\"widget\" data-e-type=\"widget\" data-widget_type=\"heading.default\">\n\t\t\t\t<div class=\"elementor-widget-container\">\n\t\t\t\t\t<h3 class=\"elementor-heading-title elementor-size-default\">Rotary screen-printing <\/h3>\t\t\t\t<\/div>\n\t\t\t\t<\/div>\n\t\t\t\t\t<\/div>\n\t\t<\/div>\n\t\t\t\t\t<\/div>\n\t\t<\/section>\n\t\t\t\t<section class=\"elementor-section elementor-top-section elementor-element elementor-element-e997802 elementor-section-boxed elementor-section-height-default elementor-section-height-default\" data-id=\"e997802\" data-element_type=\"section\" data-e-type=\"section\">\n\t\t\t\t\t\t<div class=\"elementor-container elementor-column-gap-default\">\n\t\t\t\t\t<div class=\"elementor-column elementor-col-100 elementor-top-column elementor-element elementor-element-23ef1bd\" data-id=\"23ef1bd\" data-element_type=\"column\" data-e-type=\"column\">\n\t\t\t<div class=\"elementor-widget-wrap elementor-element-populated\">\n\t\t\t\t\t\t<div class=\"elementor-element elementor-element-69134c6 elementor-widget elementor-widget-text-editor\" data-id=\"69134c6\" data-element_type=\"widget\" data-e-type=\"widget\" data-widget_type=\"text-editor.default\">\n\t\t\t\t<div class=\"elementor-widget-container\">\n\t\t\t\t\t\t\t\t\t<p>Print paste is applied onto the fabric through the design areas of the rotary screen. This technique is very precise and only one colour can be printed by screen.\u00a0<\/p>\n<p>Crouvezier D\u00e9veloppement can print with up to 12 different colours.\u00a0<\/p>\t\t\t\t\t\t\t\t<\/div>\n\t\t\t\t<\/div>\n\t\t\t\t\t<\/div>\n\t\t<\/div>\n\t\t\t\t\t<\/div>\n\t\t<\/section>\n\t\t\t\t<section class=\"elementor-section elementor-top-section elementor-element elementor-element-50bdd22 elementor-section-boxed elementor-section-height-default elementor-section-height-default\" data-id=\"50bdd22\" data-element_type=\"section\" data-e-type=\"section\">\n\t\t\t\t\t\t<div class=\"elementor-container elementor-column-gap-default\">\n\t\t\t\t\t<div class=\"elementor-column elementor-col-100 elementor-top-column elementor-element elementor-element-8b9099a\" data-id=\"8b9099a\" data-element_type=\"column\" data-e-type=\"column\">\n\t\t\t<div class=\"elementor-widget-wrap elementor-element-populated\">\n\t\t\t\t\t\t<div class=\"elementor-element elementor-element-e48d156 elementor-widget elementor-widget-image\" data-id=\"e48d156\" data-element_type=\"widget\" data-e-type=\"widget\" data-widget_type=\"image.default\">\n\t\t\t\t<div class=\"elementor-widget-container\">\n\t\t\t\t\t\t\t\t\t\t\t\t\t\t\t<img fetchpriority=\"high\" decoding=\"async\" width=\"800\" height=\"534\" src=\"https:\/\/www.crouvezierdev.fr\/wp-content\/uploads\/2019\/11\/IMG_2628-1024x683.jpg\" class=\"attachment-large size-large wp-image-1344\" alt=\"Impression cadre rotatif\" srcset=\"https:\/\/www.crouvezierdev.fr\/wp-content\/uploads\/2019\/11\/IMG_2628-1024x683.jpg 1024w, https:\/\/www.crouvezierdev.fr\/wp-content\/uploads\/2019\/11\/IMG_2628-300x200.jpg 300w, https:\/\/www.crouvezierdev.fr\/wp-content\/uploads\/2019\/11\/IMG_2628-768x512.jpg 768w\" sizes=\"(max-width: 800px) 100vw, 800px\" \/>\t\t\t\t\t\t\t\t\t\t\t\t\t\t\t<\/div>\n\t\t\t\t<\/div>\n\t\t\t\t\t<\/div>\n\t\t<\/div>\n\t\t\t\t\t<\/div>\n\t\t<\/section>\n\t\t\t\t<section class=\"elementor-section elementor-top-section elementor-element elementor-element-3e87cce elementor-section-boxed elementor-section-height-default elementor-section-height-default\" data-id=\"3e87cce\" data-element_type=\"section\" data-e-type=\"section\">\n\t\t\t\t\t\t<div class=\"elementor-container elementor-column-gap-default\">\n\t\t\t\t\t<div class=\"elementor-column elementor-col-100 elementor-top-column elementor-element elementor-element-a122736\" data-id=\"a122736\" data-element_type=\"column\" data-e-type=\"column\">\n\t\t\t<div class=\"elementor-widget-wrap elementor-element-populated\">\n\t\t\t\t\t\t<div class=\"elementor-element elementor-element-904441e elementor-widget elementor-widget-spacer\" data-id=\"904441e\" data-element_type=\"widget\" data-e-type=\"widget\" data-widget_type=\"spacer.default\">\n\t\t\t\t<div class=\"elementor-widget-container\">\n\t\t\t\t\t\t\t<div class=\"elementor-spacer\">\n\t\t\t<div class=\"elementor-spacer-inner\"><\/div>\n\t\t<\/div>\n\t\t\t\t\t\t<\/div>\n\t\t\t\t<\/div>\n\t\t\t\t<div class=\"elementor-element elementor-element-efe3f85 elementor-widget elementor-widget-heading\" data-id=\"efe3f85\" data-element_type=\"widget\" data-e-type=\"widget\" data-widget_type=\"heading.default\">\n\t\t\t\t<div class=\"elementor-widget-container\">\n\t\t\t\t\t<h3 class=\"elementor-heading-title elementor-size-default\">Digital printing<\/h3>\t\t\t\t<\/div>\n\t\t\t\t<\/div>\n\t\t\t\t\t<\/div>\n\t\t<\/div>\n\t\t\t\t\t<\/div>\n\t\t<\/section>\n\t\t\t\t<section class=\"elementor-section elementor-top-section elementor-element elementor-element-7d2eb45 elementor-section-boxed elementor-section-height-default elementor-section-height-default\" data-id=\"7d2eb45\" data-element_type=\"section\" data-e-type=\"section\">\n\t\t\t\t\t\t<div class=\"elementor-container elementor-column-gap-default\">\n\t\t\t\t\t<div class=\"elementor-column elementor-col-100 elementor-top-column elementor-element elementor-element-12d974e\" data-id=\"12d974e\" data-element_type=\"column\" data-e-type=\"column\">\n\t\t\t<div class=\"elementor-widget-wrap elementor-element-populated\">\n\t\t\t\t\t\t<div class=\"elementor-element elementor-element-6398581 elementor-widget elementor-widget-text-editor\" data-id=\"6398581\" data-element_type=\"widget\" data-e-type=\"widget\" data-widget_type=\"text-editor.default\">\n\t\t\t\t<div class=\"elementor-widget-container\">\n\t\t\t\t\t\t\t\t\t<p>For digital printing, Crouvezier D\u00e9veloppement has two printing processes, one for natural fibre fabrics and one for synthetic fibre fabrics:<\/p>\n<ul>\n<li><strong>Sublimation\/Transfer printing for polyesters:\u00a0<\/strong><\/li>\n<\/ul>\n<p>Printing is done on paper with sublimable inks that have the ability to migrate from the paper surface to the fabric through a calender step, with a defined temperature and pressure.\u00a0<\/p>\n<ul>\n<li><b>Ink-jet printing with reactive dyes for cellulosic fibres (cotton, linen, hemp, viscose, ...)<\/b> :\u00a0<\/li>\n<\/ul>\n<p>Printing is done directly on the fabric and fixated in following steps. Digital printing is an interesting technique because it allows to produce small series in a short time and therefore allows a great reactivity.\u00a0<\/p>\n<p>You can create a design on computer and it will be directly printed on the textile, without any limit of colours and patterns: it is possible to print large patterns with great accuracy!<\/p>\t\t\t\t\t\t\t\t<\/div>\n\t\t\t\t<\/div>\n\t\t\t\t\t<\/div>\n\t\t<\/div>\n\t\t\t\t\t<\/div>\n\t\t<\/section>\n\t\t\t\t<\/div>","protected":false},"excerpt":{"rendered":"<p>L&rsquo;impression : Faire vivre les couleurs ! Crouvezier D\u00e9veloppement poss\u00e8de deux proc\u00e9d\u00e9s d&rsquo;impression :\u00a0 L&rsquo;impression traditionnelle \u00e0 cadre rotatif ; L&rsquo;impression num\u00e9rique via sa branche UP&rsquo;Textile. L&rsquo;impression \u00e0 cadre rotatif : L&rsquo;impression \u00e0 cadre rotatif permet d&rsquo;appliquer localement et avec pr\u00e9cision des p\u00e2tes d&rsquo;impression sur une face d&rsquo;un tissu via des rouleaux grav\u00e9s (selon le [&hellip;]<\/p>\n","protected":false},"author":1,"featured_media":0,"parent":0,"menu_order":0,"comment_status":"closed","ping_status":"closed","template":"elementor_header_footer","meta":{"sfsi_plus_gutenberg_text_before_share":"","sfsi_plus_gutenberg_show_text_before_share":"","sfsi_plus_gutenberg_icon_type":"","sfsi_plus_gutenberg_icon_alignemt":"","sfsi_plus_gutenburg_max_per_row":"","footnotes":""},"class_list":["post-1119","page","type-page","status-publish","hentry"],"yoast_head":"<!-- This site is optimized with the Yoast SEO plugin v27.4 - https:\/\/yoast.com\/product\/yoast-seo-wordpress\/ -->\n<title>L&#039;impression - Crouvezier D\u00e9veloppement<\/title>\n<meta name=\"description\" content=\"Crouvezier D\u00e9veloppement poss\u00e8de deux proc\u00e9d\u00e9s d&#039;impression textile : l&#039;impression traditionnelle pigmentaire aux cylindres et l&#039;impression num\u00e9rique.\" \/>\n<meta name=\"robots\" content=\"index, follow, max-snippet:-1, max-image-preview:large, max-video-preview:-1\" \/>\n<link rel=\"canonical\" href=\"https:\/\/www.crouvezierdev.fr\/en\/limpression\/\" \/>\n<meta property=\"og:locale\" content=\"en_GB\" \/>\n<meta property=\"og:type\" content=\"article\" \/>\n<meta property=\"og:title\" content=\"L&#039;impression - Crouvezier D\u00e9veloppement\" \/>\n<meta property=\"og:description\" content=\"Crouvezier D\u00e9veloppement poss\u00e8de deux proc\u00e9d\u00e9s d&#039;impression textile : l&#039;impression traditionnelle pigmentaire aux cylindres et l&#039;impression num\u00e9rique.\" \/>\n<meta property=\"og:url\" content=\"https:\/\/www.crouvezierdev.fr\/en\/limpression\/\" \/>\n<meta property=\"og:site_name\" content=\"Crouvezier D\u00e9veloppement\" \/>\n<meta property=\"article:publisher\" content=\"https:\/\/www.facebook.com\/crouvezierdev\/?modal=admin_todo_tour\" \/>\n<meta property=\"article:modified_time\" content=\"2022-10-26T12:49:02+00:00\" \/>\n<meta property=\"og:image\" content=\"https:\/\/www.crouvezierdev.fr\/wp-content\/uploads\/2019\/11\/IMG_2628-1024x683.jpg\" \/>\n<meta name=\"twitter:card\" content=\"summary_large_image\" \/>\n<meta name=\"twitter:site\" content=\"@crouvezierdev\" \/>\n<meta name=\"twitter:label1\" content=\"Estimated reading time\" \/>\n\t<meta name=\"twitter:data1\" content=\"2 minutes\" \/>\n<script type=\"application\/ld+json\" class=\"yoast-schema-graph\">{\"@context\":\"https:\\\/\\\/schema.org\",\"@graph\":[{\"@type\":\"WebPage\",\"@id\":\"https:\\\/\\\/www.crouvezierdev.fr\\\/limpression\\\/\",\"url\":\"https:\\\/\\\/www.crouvezierdev.fr\\\/limpression\\\/\",\"name\":\"L'impression - Crouvezier D\u00e9veloppement\",\"isPartOf\":{\"@id\":\"https:\\\/\\\/www.crouvezierdev.fr\\\/#website\"},\"primaryImageOfPage\":{\"@id\":\"https:\\\/\\\/www.crouvezierdev.fr\\\/limpression\\\/#primaryimage\"},\"image\":{\"@id\":\"https:\\\/\\\/www.crouvezierdev.fr\\\/limpression\\\/#primaryimage\"},\"thumbnailUrl\":\"https:\\\/\\\/www.crouvezierdev.fr\\\/wp-content\\\/uploads\\\/2019\\\/11\\\/IMG_2628-1024x683.jpg\",\"datePublished\":\"2019-10-25T13:45:41+00:00\",\"dateModified\":\"2022-10-26T12:49:02+00:00\",\"description\":\"Crouvezier D\u00e9veloppement poss\u00e8de deux proc\u00e9d\u00e9s d'impression textile : l'impression traditionnelle pigmentaire aux cylindres et l'impression num\u00e9rique.\",\"breadcrumb\":{\"@id\":\"https:\\\/\\\/www.crouvezierdev.fr\\\/limpression\\\/#breadcrumb\"},\"inLanguage\":\"en-GB\",\"potentialAction\":[{\"@type\":\"ReadAction\",\"target\":[\"https:\\\/\\\/www.crouvezierdev.fr\\\/limpression\\\/\"]}]},{\"@type\":\"ImageObject\",\"inLanguage\":\"en-GB\",\"@id\":\"https:\\\/\\\/www.crouvezierdev.fr\\\/limpression\\\/#primaryimage\",\"url\":\"https:\\\/\\\/www.crouvezierdev.fr\\\/wp-content\\\/uploads\\\/2019\\\/11\\\/IMG_2628-1024x683.jpg\",\"contentUrl\":\"https:\\\/\\\/www.crouvezierdev.fr\\\/wp-content\\\/uploads\\\/2019\\\/11\\\/IMG_2628-1024x683.jpg\"},{\"@type\":\"BreadcrumbList\",\"@id\":\"https:\\\/\\\/www.crouvezierdev.fr\\\/limpression\\\/#breadcrumb\",\"itemListElement\":[{\"@type\":\"ListItem\",\"position\":1,\"name\":\"Accueil\",\"item\":\"https:\\\/\\\/www.crouvezierdev.fr\\\/\"},{\"@type\":\"ListItem\",\"position\":2,\"name\":\"L&rsquo;impression\"}]},{\"@type\":\"WebSite\",\"@id\":\"https:\\\/\\\/www.crouvezierdev.fr\\\/#website\",\"url\":\"https:\\\/\\\/www.crouvezierdev.fr\\\/\",\"name\":\"Crouvezier D\u00e9veloppement\",\"description\":\"Ennoblissement, teinture, impression textile\",\"publisher\":{\"@id\":\"https:\\\/\\\/www.crouvezierdev.fr\\\/#organization\"},\"potentialAction\":[{\"@type\":\"SearchAction\",\"target\":{\"@type\":\"EntryPoint\",\"urlTemplate\":\"https:\\\/\\\/www.crouvezierdev.fr\\\/?s={search_term_string}\"},\"query-input\":{\"@type\":\"PropertyValueSpecification\",\"valueRequired\":true,\"valueName\":\"search_term_string\"}}],\"inLanguage\":\"en-GB\"},{\"@type\":\"Organization\",\"@id\":\"https:\\\/\\\/www.crouvezierdev.fr\\\/#organization\",\"name\":\"Crouvezier D\u00e9veloppement\",\"url\":\"https:\\\/\\\/www.crouvezierdev.fr\\\/\",\"logo\":{\"@type\":\"ImageObject\",\"inLanguage\":\"en-GB\",\"@id\":\"https:\\\/\\\/www.crouvezierdev.fr\\\/#\\\/schema\\\/logo\\\/image\\\/\",\"url\":\"https:\\\/\\\/www.crouvezierdev.fr\\\/wp-content\\\/uploads\\\/2019\\\/06\\\/screen-2.png\",\"contentUrl\":\"https:\\\/\\\/www.crouvezierdev.fr\\\/wp-content\\\/uploads\\\/2019\\\/06\\\/screen-2.png\",\"width\":50,\"height\":50,\"caption\":\"Crouvezier D\u00e9veloppement\"},\"image\":{\"@id\":\"https:\\\/\\\/www.crouvezierdev.fr\\\/#\\\/schema\\\/logo\\\/image\\\/\"},\"sameAs\":[\"https:\\\/\\\/www.facebook.com\\\/crouvezierdev\\\/?modal=admin_todo_tour\",\"https:\\\/\\\/x.com\\\/crouvezierdev\",\"https:\\\/\\\/www.instagram.com\\\/crouvezierdev\\\/?hl=fr\",\"https:\\\/\\\/www.linkedin.com\\\/in\\\/severine-crouvezier-993300185\\\/\"]}]}<\/script>\n<!-- \/ Yoast SEO plugin. -->","yoast_head_json":{"title":"L'impression - Crouvezier D\u00e9veloppement","description":"Crouvezier D\u00e9veloppement poss\u00e8de deux proc\u00e9d\u00e9s d'impression textile : l'impression traditionnelle pigmentaire aux cylindres et l'impression num\u00e9rique.","robots":{"index":"index","follow":"follow","max-snippet":"max-snippet:-1","max-image-preview":"max-image-preview:large","max-video-preview":"max-video-preview:-1"},"canonical":"https:\/\/www.crouvezierdev.fr\/en\/limpression\/","og_locale":"en_GB","og_type":"article","og_title":"L'impression - Crouvezier D\u00e9veloppement","og_description":"Crouvezier D\u00e9veloppement poss\u00e8de deux proc\u00e9d\u00e9s d'impression textile : l'impression traditionnelle pigmentaire aux cylindres et l'impression num\u00e9rique.","og_url":"https:\/\/www.crouvezierdev.fr\/en\/limpression\/","og_site_name":"Crouvezier D\u00e9veloppement","article_publisher":"https:\/\/www.facebook.com\/crouvezierdev\/?modal=admin_todo_tour","article_modified_time":"2022-10-26T12:49:02+00:00","og_image":[{"url":"https:\/\/www.crouvezierdev.fr\/wp-content\/uploads\/2019\/11\/IMG_2628-1024x683.jpg","type":"","width":"","height":""}],"twitter_card":"summary_large_image","twitter_site":"@crouvezierdev","twitter_misc":{"Estimated reading time":"2 minutes"},"schema":{"@context":"https:\/\/schema.org","@graph":[{"@type":"WebPage","@id":"https:\/\/www.crouvezierdev.fr\/limpression\/","url":"https:\/\/www.crouvezierdev.fr\/limpression\/","name":"L'impression - Crouvezier D\u00e9veloppement","isPartOf":{"@id":"https:\/\/www.crouvezierdev.fr\/#website"},"primaryImageOfPage":{"@id":"https:\/\/www.crouvezierdev.fr\/limpression\/#primaryimage"},"image":{"@id":"https:\/\/www.crouvezierdev.fr\/limpression\/#primaryimage"},"thumbnailUrl":"https:\/\/www.crouvezierdev.fr\/wp-content\/uploads\/2019\/11\/IMG_2628-1024x683.jpg","datePublished":"2019-10-25T13:45:41+00:00","dateModified":"2022-10-26T12:49:02+00:00","description":"Crouvezier D\u00e9veloppement poss\u00e8de deux proc\u00e9d\u00e9s d'impression textile : l'impression traditionnelle pigmentaire aux cylindres et l'impression num\u00e9rique.","breadcrumb":{"@id":"https:\/\/www.crouvezierdev.fr\/limpression\/#breadcrumb"},"inLanguage":"en-GB","potentialAction":[{"@type":"ReadAction","target":["https:\/\/www.crouvezierdev.fr\/limpression\/"]}]},{"@type":"ImageObject","inLanguage":"en-GB","@id":"https:\/\/www.crouvezierdev.fr\/limpression\/#primaryimage","url":"https:\/\/www.crouvezierdev.fr\/wp-content\/uploads\/2019\/11\/IMG_2628-1024x683.jpg","contentUrl":"https:\/\/www.crouvezierdev.fr\/wp-content\/uploads\/2019\/11\/IMG_2628-1024x683.jpg"},{"@type":"BreadcrumbList","@id":"https:\/\/www.crouvezierdev.fr\/limpression\/#breadcrumb","itemListElement":[{"@type":"ListItem","position":1,"name":"Accueil","item":"https:\/\/www.crouvezierdev.fr\/"},{"@type":"ListItem","position":2,"name":"L&rsquo;impression"}]},{"@type":"WebSite","@id":"https:\/\/www.crouvezierdev.fr\/#website","url":"https:\/\/www.crouvezierdev.fr\/","name":"Crouvezier D\u00e9veloppement","description":"Ennoblissement, teinture, impression textile","publisher":{"@id":"https:\/\/www.crouvezierdev.fr\/#organization"},"potentialAction":[{"@type":"SearchAction","target":{"@type":"EntryPoint","urlTemplate":"https:\/\/www.crouvezierdev.fr\/?s={search_term_string}"},"query-input":{"@type":"PropertyValueSpecification","valueRequired":true,"valueName":"search_term_string"}}],"inLanguage":"en-GB"},{"@type":"Organization","@id":"https:\/\/www.crouvezierdev.fr\/#organization","name":"Crouvezier D\u00e9veloppement","url":"https:\/\/www.crouvezierdev.fr\/","logo":{"@type":"ImageObject","inLanguage":"en-GB","@id":"https:\/\/www.crouvezierdev.fr\/#\/schema\/logo\/image\/","url":"https:\/\/www.crouvezierdev.fr\/wp-content\/uploads\/2019\/06\/screen-2.png","contentUrl":"https:\/\/www.crouvezierdev.fr\/wp-content\/uploads\/2019\/06\/screen-2.png","width":50,"height":50,"caption":"Crouvezier D\u00e9veloppement"},"image":{"@id":"https:\/\/www.crouvezierdev.fr\/#\/schema\/logo\/image\/"},"sameAs":["https:\/\/www.facebook.com\/crouvezierdev\/?modal=admin_todo_tour","https:\/\/x.com\/crouvezierdev","https:\/\/www.instagram.com\/crouvezierdev\/?hl=fr","https:\/\/www.linkedin.com\/in\/severine-crouvezier-993300185\/"]}]}},"_links":{"self":[{"href":"https:\/\/www.crouvezierdev.fr\/en\/wp-json\/wp\/v2\/pages\/1119","targetHints":{"allow":["GET"]}}],"collection":[{"href":"https:\/\/www.crouvezierdev.fr\/en\/wp-json\/wp\/v2\/pages"}],"about":[{"href":"https:\/\/www.crouvezierdev.fr\/en\/wp-json\/wp\/v2\/types\/page"}],"author":[{"embeddable":true,"href":"https:\/\/www.crouvezierdev.fr\/en\/wp-json\/wp\/v2\/users\/1"}],"replies":[{"embeddable":true,"href":"https:\/\/www.crouvezierdev.fr\/en\/wp-json\/wp\/v2\/comments?post=1119"}],"version-history":[{"count":21,"href":"https:\/\/www.crouvezierdev.fr\/en\/wp-json\/wp\/v2\/pages\/1119\/revisions"}],"predecessor-version":[{"id":2056,"href":"https:\/\/www.crouvezierdev.fr\/en\/wp-json\/wp\/v2\/pages\/1119\/revisions\/2056"}],"wp:attachment":[{"href":"https:\/\/www.crouvezierdev.fr\/en\/wp-json\/wp\/v2\/media?parent=1119"}],"curies":[{"name":"wp","href":"https:\/\/api.w.org\/{rel}","templated":true}]}}