{"id":1203,"date":"2019-10-29T14:37:53","date_gmt":"2019-10-29T13:37:53","guid":{"rendered":"http:\/\/www.crouvezierdev.fr\/?page_id=1203"},"modified":"2024-05-13T09:48:21","modified_gmt":"2024-05-13T07:48:21","slug":"mentions-legales","status":"publish","type":"page","link":"https:\/\/www.crouvezierdev.fr\/en\/mentions-legales\/","title":{"rendered":"Legal Notice"},"content":{"rendered":"<div data-elementor-type=\"wp-page\" data-elementor-id=\"1203\" class=\"elementor elementor-1203\" data-elementor-post-type=\"page\">\n\t\t\t\t\t\t<section class=\"elementor-section elementor-top-section elementor-element elementor-element-43e529d0 elementor-section-boxed elementor-section-height-default elementor-section-height-default\" data-id=\"43e529d0\" data-element_type=\"section\" data-e-type=\"section\">\n\t\t\t\t\t\t<div class=\"elementor-container elementor-column-gap-default\">\n\t\t\t\t\t<div class=\"elementor-column elementor-col-100 elementor-top-column elementor-element elementor-element-49f1ae9b\" data-id=\"49f1ae9b\" data-element_type=\"column\" data-e-type=\"column\">\n\t\t\t<div class=\"elementor-widget-wrap elementor-element-populated\">\n\t\t\t\t\t\t<div class=\"elementor-element elementor-element-7cfc6017 elementor-widget elementor-widget-text-editor\" data-id=\"7cfc6017\" data-element_type=\"widget\" data-e-type=\"widget\" data-widget_type=\"text-editor.default\">\n\t\t\t\t<div class=\"elementor-widget-container\">\n\t\t\t\t\t\t\t\t\t\n<div class=\"wp-block-themeisle-blocks-advanced-columns has-undefined-columns has-desktop-undefined-layout has-tablet-equal-layout has-mobile-equal-layout has-default-gap has-vertical-unset\" id=\"wp-block-themeisle-blocks-advanced-columns-173e7c99\" style=\"border-width:0px;border-style:solid;border-color:#000000;border-radius:0px;justify-content:unset\"><div class=\"wp-themeisle-block-overlay\" style=\"opacity:0.5;mix-blend-mode:normal\"><\/div><div class=\"innerblocks-wrap\"><\/div><\/div>\n\t\t\t\t\t\t\t\t<\/div>\n\t\t\t\t<\/div>\n\t\t\t\t\t<\/div>\n\t\t<\/div>\n\t\t\t\t\t<\/div>\n\t\t<\/section>\n\t\t\t\t<section class=\"elementor-section elementor-top-section elementor-element elementor-element-0750ab3 elementor-section-boxed elementor-section-height-default elementor-section-height-default\" data-id=\"0750ab3\" data-element_type=\"section\" data-e-type=\"section\">\n\t\t\t\t\t\t<div class=\"elementor-container elementor-column-gap-default\">\n\t\t\t\t\t<div class=\"elementor-column elementor-col-100 elementor-top-column elementor-element elementor-element-0e80a12\" data-id=\"0e80a12\" data-element_type=\"column\" data-e-type=\"column\">\n\t\t\t<div class=\"elementor-widget-wrap elementor-element-populated\">\n\t\t\t\t\t\t<div class=\"elementor-element elementor-element-935bef4 elementor-widget elementor-widget-text-editor\" data-id=\"935bef4\" data-element_type=\"widget\" data-e-type=\"widget\" data-widget_type=\"text-editor.default\">\n\t\t\t\t<div class=\"elementor-widget-container\">\n\t\t\t\t\t\t\t\t\t<p>En vigueur au 29 octobre 2019<\/p>\n<p>Conform\u00e9ment aux dispositions des Articles 6-III et 19 de la Loi n\u00b02004-575 du 21 juin 2004 pour la Confiance dans l&rsquo;\u00e9conomie num\u00e9rique, dite L.C.E.N., il est port\u00e9 \u00e0 la connaissance des Utilisateurs du site www.crouvezierdev.fr les pr\u00e9sentes mentions l\u00e9gales.\u00a0<\/p>\n<p>La connexion et la navigation sur le site www.crouvezierdev.fr par l&rsquo;Utilisateur implique acceptation int\u00e9grale et sans r\u00e9serve des pr\u00e9sentes mentions l\u00e9gales.\u00a0<\/p>\n<p>Ces derni\u00e8res sont accessibles sur le site \u00e0 la rubrique \u00ab\u00a0Mentions l\u00e9gales\u00a0\u00bb.\u00a0<\/p>\n<p><b>Article 1 : L&rsquo;\u00e9diteur<\/b><\/p>\n<p>L&rsquo;\u00e9dition du site www.crouvezierdev.fr est assur\u00e9e par la soci\u00e9t\u00e9 Crouvezier D\u00e9veloppement, au capital de 1 495 239\u20ac, immatricul\u00e9e au RCS d&rsquo;Epinal sous le num\u00e9ro 43405602400012 dont le si\u00e8ge social est situ\u00e9 101 Chemin du Cresson 88400 GERARDMER, num\u00e9ro de t\u00e9l\u00e9phone : 0329271090, adresse e-mail : &#x63;&#111;n&#x74;&#97;c&#x74;&#64;c&#x72;&#111;u&#x76;&#101;z&#x69;&#101;r&#x64;&#101;v&#x2e;&#102;r.<\/p>\n<p>N\u00b0 de TVA intracommunautaire : FR23434056024.<\/p>\n<p>Le Directeur de la publication est S\u00e9verine Crouvezier.\u00a0<\/p>\n<p><b>Article 2 : L&rsquo;h\u00e9bergeur<\/b><\/p>\n<p>L&rsquo;h\u00e9bergeur di site www.crouvezierdev.fr est la soci\u00e9t\u00e9 OVH dont le si\u00e8ge social est situ\u00e9 : 2 rue Kellermann 59100 ROUBAIX.\u00a0<\/p>\n<p><b>Article 3 : Acc\u00e8s au site<\/b><\/p>\n<p>Le site est accessible par tout endroit, 7j\/7, 24h\/24, sauf cas de force majeure, interruption programm\u00e9e ou non et pouvant d\u00e9couler d&rsquo;une n\u00e9cessit\u00e9 de maintenance.\u00a0<\/p>\n<p><b>Article 4 : Description des services fournis<\/b><\/p>\n<p>Le site www.crouvezierdev.fr a pour objet de fournir une information concernant l&rsquo;ensemble des activit\u00e9s de la soci\u00e9t\u00e9.\u00a0<span style=\"font-size: 15px; letter-spacing: 0.4px;\">Le propri\u00e9taire du site s&rsquo;efforce de fournir sur le site www.crouvezierdev.fr des informations aussi pr\u00e9cises que possible.\u00a0<\/span><span style=\"font-size: 15px; letter-spacing: 0.4px;\">Toutefois, il ne pourra pas \u00eatre tenue responsable des omissions, des inexactitudes et des carences dans la mise \u00e0 jour, qu&rsquo;elles soient de son fait ou du fait des tiers partenaires qui lui fournissent ces informations. Toutes les informations propos\u00e9es sur le site www.crouvezierdev.fr sont donn\u00e9es \u00e0 titre indicatif, sont non exhaustives, et sont susceptibles d&rsquo;\u00e9voluer. Elles sont donn\u00e9es sous r\u00e9serve de modifications ayant \u00e9t\u00e9 apport\u00e9es depuis leur mise en ligne.\u00a0<\/span><\/p>\n<p><span style=\"font-size: 15px; letter-spacing: 0.4px;\"><b>Article 5 : Propri\u00e9t\u00e9 intellectuelle et contrefa\u00e7ons<\/b><\/span><\/p>\n<p><span style=\"font-size: 15px; letter-spacing: 0.4px;\">Le propri\u00e9taire du site est propri\u00e9taire des droits de propri\u00e9t\u00e9 intellectuelle ou d\u00e9tient les droits d&rsquo;usage sur tous les \u00e9l\u00e9ments accessibles sur le site, notamment les textes, images, graphismes, logo, ic\u00f4nes, vid\u00e9os, sons, logiciels, &#8230;<\/span><\/p>\n<p><span style=\"font-size: 15px; letter-spacing: 0.4px;\">Toute reproduction, repr\u00e9sentation, modification, publication, adaptation totale ou partielle des \u00e9l\u00e9ments du site, quel que soit le moyen ou le proc\u00e9d\u00e9 utilis\u00e9, est interdite, sauf autorisation \u00e9crite pr\u00e9alable \u00e0 l&rsquo;e-mail : &#x63;o&#x6e;&#116;a&#x63;&#116;&#x40;&#99;r&#x6f;&#117;&#x76;&#101;z&#x69;&#101;&#x72;&#x64;e&#x76;&#46;f&#x72;. Toute exploitation non autoris\u00e9e du site ou de l&rsquo;un de ces quelconques \u00e9l\u00e9ments qu&rsquo;il contient sera consid\u00e9r\u00e9e comme constitutive d&rsquo;une contrefa\u00e7on et poursuivie conform\u00e9ment aux dispositions des articles L.335-2 et suivants du Code de la Propri\u00e9t\u00e9 Intellectuelle.\u00a0<\/span><\/p>\n<p><span style=\"font-size: 15px; letter-spacing: 0.4px;\"><b>Article 6 : Liens hypertextes et cookies<\/b><\/span><\/p>\n<p><span style=\"font-size: 15px; letter-spacing: 0.4px;\">Le site www.crouvezierdev.fr contient un certain nombre de liens hypertextes vers d&rsquo;autres sites (partenaires, informations&#8230;) mis en place avec l&rsquo;autorisation du propri\u00e9taire du site. Cependant, le propri\u00e9taire du site n&rsquo;a pas la possibilit\u00e9 de v\u00e9rifier le contenu des sites ainsi visit\u00e9s et d\u00e9cline donc toute responsabilit\u00e9 de ce fait quant aux risques \u00e9ventuels de contenus illicites.\u00a0<\/span><\/p>\n<p><span style=\"font-size: 15px; letter-spacing: 0.4px;\">L&rsquo;utilisateur est inform\u00e9 que lors de ses visites sur le site www.crouvezierdev.fr, un ou des cookies sont susceptibles de s&rsquo;installer automatiquement sur son ordinateur. Un cookie est un fichier de petite taille, qui ne permet pas l&rsquo;identification de l&rsquo;utilisateur, mais qui enregistre des informations relatives \u00e0 la navigation d&rsquo;un ordinateur sur un site. Les donn\u00e9es ainsi obtenues visent \u00e0 faciliter la navigation ult\u00e9rieure sur le site, et ont \u00e9galement vocation \u00e0 permettre diverses mesures de fr\u00e9quentation.\u00a0<\/span><\/p>\n<p><span style=\"font-size: 15px; letter-spacing: 0.4px;\">Le param\u00e9trage du logiciel de navigation permet d&rsquo;informer de la pr\u00e9sence de cookie et \u00e9ventuellement, de refuser de la mani\u00e8re d\u00e9crite \u00e0 l&rsquo;adresse suivante : www.cnil.fr.\u00a0<\/span><\/p>\n<p><span style=\"font-size: 15px; letter-spacing: 0.4px;\">Le refus d&rsquo;installation d&rsquo;un cookie peut entra\u00eener l&rsquo;impossibilit\u00e9 d&rsquo;acc\u00e9der \u00e0 certains services. L&rsquo;utilisateur peut toutefois configurer son ordinateur de la mani\u00e8re suivante, pour refuser l&rsquo;installation des cookies : Sous Internet Explorer : onglet outil\/options internet. Cliquez sur Confidentialit\u00e9 et choisissez Bloquer tous les cookies. Validez sur ok.\u00a0<\/span><\/p>\n<p><b>Article 7 : Protection des biens et des personnes &#8211; gestions des donn\u00e9es personnelles<\/b><\/p>\n<p>Utilisateur : internaute se connectant, utilisant le site susnomm\u00e9 : www.crouvezierdev.fr<\/p>\n<p>En France, les donn\u00e9es personnelles sont notamment prot\u00e9g\u00e9es par la loi n\u00b078-87 du 6 janvier 1978, la loi n\u00b02004-801 du 6 ao\u00fbt 2004, l&rsquo;article L.226-13 du Code p\u00e9nal et la Directive Europ\u00e9enne du 24 octobre 1995.\u00a0<\/p>\n<p>Sur le site www.crouvezierdev.fr, le propri\u00e9taire du site ne collecte des informations personnelles relatives \u00e0 l&rsquo;utilisateur que pour le besoin de certains services propos\u00e9s par le site www.crouvezierdev.fr. L&rsquo;utilisateur fournit ces informations en toute connaissance de cause, notamment lorsqu&rsquo;il proc\u00e8de par lui-m\u00eame \u00e0 leur saisie. Il est alors pr\u00e9cis\u00e9 \u00e0 l&rsquo;utilisateur du site www.crouvezierdev.fr l&rsquo;obligation ou non de fournir ces informations.\u00a0<\/p>\n<p>Conform\u00e9ment aux dispositions des articles 38 et suivants de la loi 78-17 du 6 janvier 1978 relative \u00e0 l&rsquo;informatique, aux fichiers et aux libert\u00e9s, tout utilisateur dispose d&rsquo;un droit d&rsquo;acc\u00e8s, de rectification, de suppression et d&rsquo;opposition aux donn\u00e9es personnes le concernant. Pour l&rsquo;exercer, adressez votre demande \u00e0 www.crouvezierdev.fr par e-mail : &#x63;&#111;n&#x74;&#x61;&#99;t&#x40;&#99;r&#x6f;&#x75;&#118;e&#x7a;&#105;e&#x72;&#x64;&#101;v&#x2e;&#x66;&#114; ou en effectuant sa demande \u00e9crite et sign\u00e9e, accompagn\u00e9e d&rsquo;une copie du titre d&rsquo;identit\u00e9 avec signature du titulaire de la pi\u00e8ce, en pr\u00e9cisant l&rsquo;adresse \u00e0 laquelle la r\u00e9ponse doit \u00eatre envoy\u00e9e.\u00a0<\/p>\n<p>Aucune information personnelle de l&rsquo;utilisateur du site www.crouvezierdev.fr n&rsquo;est publi\u00e9e \u00e0 l&rsquo;insu de l&rsquo;utilisateur, \u00e9chang\u00e9e, transf\u00e9r\u00e9e, c\u00e9d\u00e9e ou vendue sur un support quelconque \u00e0 des tiers. Seule l&rsquo;hypoth\u00e8se du rachat du site www.crouvezierdev.fr au propri\u00e9taire du site et de ses droits permettrait la transmission des dites informations \u00e0 l&rsquo;\u00e9ventuel acqu\u00e9reur qui serait \u00e0 son tour tenu de la m\u00eame obligation de conservation et de modification des donn\u00e9es vis \u00e0 vis de l&rsquo;utilisateur du site www.crouvezierdev.fr.\u00a0<\/p>\n<p>Les bases de donn\u00e9es sont prot\u00e9g\u00e9es par les dispositions de la loi du 1er juillet 1998 transposant la directive 96\/9 du 11 mars 1996 \u00e0 la protection juridique des bases de donn\u00e9es.\u00a0<\/p>\n<p>Le site www.crouvezierdev.fr est en conformit\u00e9 avec le RGPD.\u00a0<\/p>\n<p>Quels types de donn\u00e9es pouvons-nous stocker sur vous? Evidemment, celles que vous nous donnerez. Nous r\u00e9coltons des donn\u00e9es pour vous identifier afin de r\u00e9pondre efficacement \u00e0 votre demande. Voici la liste des donn\u00e9es de contact que nous pouvons avoir sur vous si votre profil est compl\u00e9t\u00e9 au maximum : Nom de l&rsquo;entreprise, Nom, Pr\u00e9nom, E-mail, N\u00b0 de t\u00e9l\u00e9phone, Code Postal, Ville, Adresse, Civilit\u00e9, Votre message. Vous \u00eatres bien s\u00fbr libre de partager avec nous uniquement les informations que vous souhaitez, puisque ces donn\u00e9es sont d\u00e9claratives.\u00a0<\/p>\n<p>O\u00f9 vos coordonn\u00e9es sont-elles enregistr\u00e9es? Les informations que vous nous communiquez via nos formulaires ou directement par t\u00e9l\u00e9phone sont enregistr\u00e9es dans notre fichier client, sur wordpress et dans un logiciel d&rsquo;envoi d&rsquo;e-mailing s\u00e9curis\u00e9. Vos coordonn\u00e9es seront conserv\u00e9es le temps n\u00e9cessaire pour r\u00e9pondre \u00e0 votre demande. Bien entendu, durant cette p\u00e9riode, nous faisons notre maximum pour assurer la protection et la confidentialit\u00e9 de vos donn\u00e9es afin d&rsquo;\u00e9viter tout endommagement, effacement ou acc\u00e8s par des personnes non autoris\u00e9es.\u00a0<\/p>\n<p>Qui a acc\u00e8s \u00e0 vos coordonn\u00e9es? Crouvezier D\u00e9veloppement uniquement. Nous nous engageons \u00e0 ne pas vendre, louer, c\u00e9der ni donner acc\u00e8s \u00e0 vos donn\u00e9es sans votre consentement pr\u00e9alable \u00e0 moins d&rsquo;y \u00eatre contrants en raison d&rsquo;un motif l\u00e9gitime (obligation l\u00e9gale, &#8230;).<\/p>\n<p>Comment utilisons-nous vos coordonn\u00e9es? Nous ne traitons ou n&rsquo;utilisons vos donn\u00e9es que dans le but de r\u00e9pondre \u00e0 votre demande. Les trois principaux moyens que nous utilisons pour vous contacter : appels t\u00e9l\u00e9phoniques et e-mails. Lors de l&rsquo;envoie d&rsquo;une demande, les r\u00e9ponses aux champs munis d&rsquo;un ast\u00e9risque sont obligatoires et n\u00e9cessaires au traitement de votre demande. L&rsquo;absence de r\u00e9ponse \u00e0 un champ obligatoire est susceptible de compromettre le bon traitement de votre demande ou de votre inscription.\u00a0<\/p>\n<p>Comment acc\u00e9der ou supprimer vos coordonn\u00e9es? Conform\u00e9ment \u00e0 la loi \u00ab\u00a0informatique et libert\u00e9s\u00a0\u00bb du 6 janvier 1978 modifi\u00e9e et au R\u00e8glement europ\u00e9en n\u00b02016\/679\/UE du 27 avril 2016 (applicable d\u00e8s le 25 mai 2018), vous avez le droit d&rsquo;acc\u00e9der, de rectifier et d&rsquo;effacer vos donn\u00e9es, ou encore de limiter leur traitement. Envoyez-nous votre demande par e-mail : &#99;o&#x6e;t&#x61;&#99;&#x74;&#64;&#x63;&#114;o&#x75;v&#x65;&#122;&#x69;&#101;&#x72;&#100;&#x65;&#118;&#46;&#x66;r<\/p>\n<p>\u00a0<\/p>\t\t\t\t\t\t\t\t<\/div>\n\t\t\t\t<\/div>\n\t\t\t\t<div class=\"elementor-element elementor-element-797bfcb elementor-widget elementor-widget-shortcode\" data-id=\"797bfcb\" data-element_type=\"widget\" data-e-type=\"widget\" data-widget_type=\"shortcode.default\">\n\t\t\t\t<div class=\"elementor-widget-container\">\n\t\t\t\t\t\t\t<div class=\"elementor-shortcode\"><p id=\"matomo_opted_out_intro\" style=\"display:none;\">Opt-out complete; your visits to this website will not be recorded by the Web Analytics tool. Note that if you clear your cookies, delete the opt-out cookie, or if you change computers or Web browsers, you will need to perform the opt-out procedure again.<\/p><p id=\"matomo_opted_in_intro\" >You may choose to prevent this website from aggregating and analyzing the actions you take here. Doing so will protect your privacy, but will also prevent the owner from learning from your actions and creating a better experience for you and other users.<\/p><form action=\"\">\n        <input type=\"checkbox\" id=\"matomo_optout_checkbox\" checked=\"checked\"\/>\n        <label for=\"matomo_optout_checkbox\"><strong>\n        <span id=\"matomo_opted_in_label\" >You are not opted out. Uncheck this box to opt-out.<\/span>\n\t\t<span id=\"matomo_opted_out_label\" style=\"display:none;\">You are currently opted out. Check this box to opt-in.<\/span>\n        <\/strong><\/label><input type=\"hidden\" name=\"trp-form-language\" value=\"en\"\/><\/form><noscript><p><strong style=\"color: #ff0000;\">This opt out feature requires JavaScript.<\/strong><\/p><\/noscript><p id=\"matomo_outout_err_cookies\" style=\"display: none;\"><strong>The tracking opt-out feature requires cookies to be enabled.<\/strong><\/p><\/div>\n\t\t\t\t\t\t<\/div>\n\t\t\t\t<\/div>\n\t\t\t\t\t<\/div>\n\t\t<\/div>\n\t\t\t\t\t<\/div>\n\t\t<\/section>\n\t\t\t\t<\/div>","protected":false},"excerpt":{"rendered":"<p>En vigueur au 29 octobre 2019 Conform\u00e9ment aux dispositions des Articles 6-III et 19 de la Loi n\u00b02004-575 du 21 juin 2004 pour la Confiance dans l&rsquo;\u00e9conomie num\u00e9rique, dite L.C.E.N., il est port\u00e9 \u00e0 la connaissance des Utilisateurs du site www.crouvezierdev.fr les pr\u00e9sentes mentions l\u00e9gales.\u00a0 La connexion et la navigation sur le site www.crouvezierdev.fr par [&hellip;]<\/p>\n","protected":false},"author":1,"featured_media":0,"parent":0,"menu_order":0,"comment_status":"closed","ping_status":"closed","template":"","meta":{"sfsi_plus_gutenberg_text_before_share":"","sfsi_plus_gutenberg_show_text_before_share":"","sfsi_plus_gutenberg_icon_type":"","sfsi_plus_gutenberg_icon_alignemt":"","sfsi_plus_gutenburg_max_per_row":"","footnotes":""},"class_list":["post-1203","page","type-page","status-publish","hentry"],"yoast_head":"<!-- This site is optimized with the Yoast SEO plugin v27.4 - https:\/\/yoast.com\/product\/yoast-seo-wordpress\/ -->\n<title>Mentions l\u00e9gales - Crouvezier D\u00e9veloppement<\/title>\n<meta name=\"robots\" content=\"index, follow, max-snippet:-1, max-image-preview:large, max-video-preview:-1\" \/>\n<link rel=\"canonical\" href=\"https:\/\/www.crouvezierdev.fr\/en\/mentions-legales\/\" \/>\n<meta property=\"og:locale\" content=\"en_GB\" \/>\n<meta property=\"og:type\" content=\"article\" \/>\n<meta property=\"og:title\" content=\"Mentions l\u00e9gales - Crouvezier D\u00e9veloppement\" \/>\n<meta property=\"og:description\" content=\"En vigueur au 29 octobre 2019 Conform\u00e9ment aux dispositions des Articles 6-III et 19 de la Loi n\u00b02004-575 du 21 juin 2004 pour la Confiance dans l&rsquo;\u00e9conomie num\u00e9rique, dite L.C.E.N., il est port\u00e9 \u00e0 la connaissance des Utilisateurs du site www.crouvezierdev.fr les pr\u00e9sentes mentions l\u00e9gales.\u00a0 La connexion et la navigation sur le site www.crouvezierdev.fr par [&hellip;]\" \/>\n<meta property=\"og:url\" content=\"https:\/\/www.crouvezierdev.fr\/en\/mentions-legales\/\" \/>\n<meta property=\"og:site_name\" content=\"Crouvezier D\u00e9veloppement\" \/>\n<meta property=\"article:publisher\" content=\"https:\/\/www.facebook.com\/crouvezierdev\/?modal=admin_todo_tour\" \/>\n<meta property=\"article:modified_time\" content=\"2024-05-13T07:48:21+00:00\" \/>\n<meta name=\"twitter:card\" content=\"summary_large_image\" \/>\n<meta name=\"twitter:site\" content=\"@crouvezierdev\" \/>\n<script type=\"application\/ld+json\" class=\"yoast-schema-graph\">{\"@context\":\"https:\\\/\\\/schema.org\",\"@graph\":[{\"@type\":\"WebPage\",\"@id\":\"https:\\\/\\\/www.crouvezierdev.fr\\\/mentions-legales\\\/\",\"url\":\"https:\\\/\\\/www.crouvezierdev.fr\\\/mentions-legales\\\/\",\"name\":\"Mentions l\u00e9gales - Crouvezier D\u00e9veloppement\",\"isPartOf\":{\"@id\":\"https:\\\/\\\/www.crouvezierdev.fr\\\/#website\"},\"datePublished\":\"2019-10-29T13:37:53+00:00\",\"dateModified\":\"2024-05-13T07:48:21+00:00\",\"breadcrumb\":{\"@id\":\"https:\\\/\\\/www.crouvezierdev.fr\\\/mentions-legales\\\/#breadcrumb\"},\"inLanguage\":\"en-GB\",\"potentialAction\":[{\"@type\":\"ReadAction\",\"target\":[\"https:\\\/\\\/www.crouvezierdev.fr\\\/mentions-legales\\\/\"]}]},{\"@type\":\"BreadcrumbList\",\"@id\":\"https:\\\/\\\/www.crouvezierdev.fr\\\/mentions-legales\\\/#breadcrumb\",\"itemListElement\":[{\"@type\":\"ListItem\",\"position\":1,\"name\":\"Accueil\",\"item\":\"https:\\\/\\\/www.crouvezierdev.fr\\\/\"},{\"@type\":\"ListItem\",\"position\":2,\"name\":\"Mentions l\u00e9gales\"}]},{\"@type\":\"WebSite\",\"@id\":\"https:\\\/\\\/www.crouvezierdev.fr\\\/#website\",\"url\":\"https:\\\/\\\/www.crouvezierdev.fr\\\/\",\"name\":\"Crouvezier D\u00e9veloppement\",\"description\":\"Ennoblissement, teinture, impression textile\",\"publisher\":{\"@id\":\"https:\\\/\\\/www.crouvezierdev.fr\\\/#organization\"},\"potentialAction\":[{\"@type\":\"SearchAction\",\"target\":{\"@type\":\"EntryPoint\",\"urlTemplate\":\"https:\\\/\\\/www.crouvezierdev.fr\\\/?s={search_term_string}\"},\"query-input\":{\"@type\":\"PropertyValueSpecification\",\"valueRequired\":true,\"valueName\":\"search_term_string\"}}],\"inLanguage\":\"en-GB\"},{\"@type\":\"Organization\",\"@id\":\"https:\\\/\\\/www.crouvezierdev.fr\\\/#organization\",\"name\":\"Crouvezier D\u00e9veloppement\",\"url\":\"https:\\\/\\\/www.crouvezierdev.fr\\\/\",\"logo\":{\"@type\":\"ImageObject\",\"inLanguage\":\"en-GB\",\"@id\":\"https:\\\/\\\/www.crouvezierdev.fr\\\/#\\\/schema\\\/logo\\\/image\\\/\",\"url\":\"https:\\\/\\\/www.crouvezierdev.fr\\\/wp-content\\\/uploads\\\/2019\\\/06\\\/screen-2.png\",\"contentUrl\":\"https:\\\/\\\/www.crouvezierdev.fr\\\/wp-content\\\/uploads\\\/2019\\\/06\\\/screen-2.png\",\"width\":50,\"height\":50,\"caption\":\"Crouvezier D\u00e9veloppement\"},\"image\":{\"@id\":\"https:\\\/\\\/www.crouvezierdev.fr\\\/#\\\/schema\\\/logo\\\/image\\\/\"},\"sameAs\":[\"https:\\\/\\\/www.facebook.com\\\/crouvezierdev\\\/?modal=admin_todo_tour\",\"https:\\\/\\\/x.com\\\/crouvezierdev\",\"https:\\\/\\\/www.instagram.com\\\/crouvezierdev\\\/?hl=fr\",\"https:\\\/\\\/www.linkedin.com\\\/in\\\/severine-crouvezier-993300185\\\/\"]}]}<\/script>\n<!-- \/ Yoast SEO plugin. -->","yoast_head_json":{"title":"Mentions l\u00e9gales - Crouvezier D\u00e9veloppement","robots":{"index":"index","follow":"follow","max-snippet":"max-snippet:-1","max-image-preview":"max-image-preview:large","max-video-preview":"max-video-preview:-1"},"canonical":"https:\/\/www.crouvezierdev.fr\/en\/mentions-legales\/","og_locale":"en_GB","og_type":"article","og_title":"Mentions l\u00e9gales - Crouvezier D\u00e9veloppement","og_description":"En vigueur au 29 octobre 2019 Conform\u00e9ment aux dispositions des Articles 6-III et 19 de la Loi n\u00b02004-575 du 21 juin 2004 pour la Confiance dans l&rsquo;\u00e9conomie num\u00e9rique, dite L.C.E.N., il est port\u00e9 \u00e0 la connaissance des Utilisateurs du site www.crouvezierdev.fr les pr\u00e9sentes mentions l\u00e9gales.\u00a0 La connexion et la navigation sur le site www.crouvezierdev.fr par [&hellip;]","og_url":"https:\/\/www.crouvezierdev.fr\/en\/mentions-legales\/","og_site_name":"Crouvezier D\u00e9veloppement","article_publisher":"https:\/\/www.facebook.com\/crouvezierdev\/?modal=admin_todo_tour","article_modified_time":"2024-05-13T07:48:21+00:00","twitter_card":"summary_large_image","twitter_site":"@crouvezierdev","schema":{"@context":"https:\/\/schema.org","@graph":[{"@type":"WebPage","@id":"https:\/\/www.crouvezierdev.fr\/mentions-legales\/","url":"https:\/\/www.crouvezierdev.fr\/mentions-legales\/","name":"Mentions l\u00e9gales - Crouvezier D\u00e9veloppement","isPartOf":{"@id":"https:\/\/www.crouvezierdev.fr\/#website"},"datePublished":"2019-10-29T13:37:53+00:00","dateModified":"2024-05-13T07:48:21+00:00","breadcrumb":{"@id":"https:\/\/www.crouvezierdev.fr\/mentions-legales\/#breadcrumb"},"inLanguage":"en-GB","potentialAction":[{"@type":"ReadAction","target":["https:\/\/www.crouvezierdev.fr\/mentions-legales\/"]}]},{"@type":"BreadcrumbList","@id":"https:\/\/www.crouvezierdev.fr\/mentions-legales\/#breadcrumb","itemListElement":[{"@type":"ListItem","position":1,"name":"Accueil","item":"https:\/\/www.crouvezierdev.fr\/"},{"@type":"ListItem","position":2,"name":"Mentions l\u00e9gales"}]},{"@type":"WebSite","@id":"https:\/\/www.crouvezierdev.fr\/#website","url":"https:\/\/www.crouvezierdev.fr\/","name":"Crouvezier D\u00e9veloppement","description":"Ennoblissement, teinture, impression textile","publisher":{"@id":"https:\/\/www.crouvezierdev.fr\/#organization"},"potentialAction":[{"@type":"SearchAction","target":{"@type":"EntryPoint","urlTemplate":"https:\/\/www.crouvezierdev.fr\/?s={search_term_string}"},"query-input":{"@type":"PropertyValueSpecification","valueRequired":true,"valueName":"search_term_string"}}],"inLanguage":"en-GB"},{"@type":"Organization","@id":"https:\/\/www.crouvezierdev.fr\/#organization","name":"Crouvezier D\u00e9veloppement","url":"https:\/\/www.crouvezierdev.fr\/","logo":{"@type":"ImageObject","inLanguage":"en-GB","@id":"https:\/\/www.crouvezierdev.fr\/#\/schema\/logo\/image\/","url":"https:\/\/www.crouvezierdev.fr\/wp-content\/uploads\/2019\/06\/screen-2.png","contentUrl":"https:\/\/www.crouvezierdev.fr\/wp-content\/uploads\/2019\/06\/screen-2.png","width":50,"height":50,"caption":"Crouvezier D\u00e9veloppement"},"image":{"@id":"https:\/\/www.crouvezierdev.fr\/#\/schema\/logo\/image\/"},"sameAs":["https:\/\/www.facebook.com\/crouvezierdev\/?modal=admin_todo_tour","https:\/\/x.com\/crouvezierdev","https:\/\/www.instagram.com\/crouvezierdev\/?hl=fr","https:\/\/www.linkedin.com\/in\/severine-crouvezier-993300185\/"]}]}},"_links":{"self":[{"href":"https:\/\/www.crouvezierdev.fr\/en\/wp-json\/wp\/v2\/pages\/1203","targetHints":{"allow":["GET"]}}],"collection":[{"href":"https:\/\/www.crouvezierdev.fr\/en\/wp-json\/wp\/v2\/pages"}],"about":[{"href":"https:\/\/www.crouvezierdev.fr\/en\/wp-json\/wp\/v2\/types\/page"}],"author":[{"embeddable":true,"href":"https:\/\/www.crouvezierdev.fr\/en\/wp-json\/wp\/v2\/users\/1"}],"replies":[{"embeddable":true,"href":"https:\/\/www.crouvezierdev.fr\/en\/wp-json\/wp\/v2\/comments?post=1203"}],"version-history":[{"count":8,"href":"https:\/\/www.crouvezierdev.fr\/en\/wp-json\/wp\/v2\/pages\/1203\/revisions"}],"predecessor-version":[{"id":2187,"href":"https:\/\/www.crouvezierdev.fr\/en\/wp-json\/wp\/v2\/pages\/1203\/revisions\/2187"}],"wp:attachment":[{"href":"https:\/\/www.crouvezierdev.fr\/en\/wp-json\/wp\/v2\/media?parent=1203"}],"curies":[{"name":"wp","href":"https:\/\/api.w.org\/{rel}","templated":true}]}}