{"id":1386,"date":"2020-02-14T10:48:55","date_gmt":"2020-02-14T09:48:55","guid":{"rendered":"https:\/\/www.crouvezierdev.fr\/?page_id=1386"},"modified":"2020-02-14T11:35:42","modified_gmt":"2020-02-14T10:35:42","slug":"cgv","status":"publish","type":"page","link":"https:\/\/www.crouvezierdev.fr\/en\/cgv\/","title":{"rendered":"Terms of sales"},"content":{"rendered":"<div data-elementor-type=\"wp-page\" data-elementor-id=\"1386\" class=\"elementor elementor-1386\" data-elementor-post-type=\"page\">\n\t\t\t\t\t\t<section class=\"elementor-section elementor-top-section elementor-element elementor-element-43e529d0 elementor-section-boxed elementor-section-height-default elementor-section-height-default\" data-id=\"43e529d0\" data-element_type=\"section\" data-e-type=\"section\">\n\t\t\t\t\t\t<div class=\"elementor-container elementor-column-gap-default\">\n\t\t\t\t\t<div class=\"elementor-column elementor-col-100 elementor-top-column elementor-element elementor-element-49f1ae9b\" data-id=\"49f1ae9b\" data-element_type=\"column\" data-e-type=\"column\">\n\t\t\t<div class=\"elementor-widget-wrap elementor-element-populated\">\n\t\t\t\t\t\t<div class=\"elementor-element elementor-element-7cfc6017 elementor-widget elementor-widget-text-editor\" data-id=\"7cfc6017\" data-element_type=\"widget\" data-e-type=\"widget\" data-widget_type=\"text-editor.default\">\n\t\t\t\t<div class=\"elementor-widget-container\">\n\t\t\t\t\t\t\t\t\t\n<div class=\"wp-block-themeisle-blocks-advanced-columns has-undefined-columns has-desktop-undefined-layout has-tablet-equal-layout has-mobile-equal-layout has-default-gap has-vertical-unset\" id=\"wp-block-themeisle-blocks-advanced-columns-173e7c99\" style=\"border-width:0px;border-style:solid;border-color:#000000;border-radius:0px;justify-content:unset\"><div class=\"wp-themeisle-block-overlay\" style=\"opacity:0.5;mix-blend-mode:normal\"><\/div><div class=\"innerblocks-wrap\"><\/div><\/div>\n\t\t\t\t\t\t\t\t<\/div>\n\t\t\t\t<\/div>\n\t\t\t\t\t<\/div>\n\t\t<\/div>\n\t\t\t\t\t<\/div>\n\t\t<\/section>\n\t\t\t\t<section class=\"elementor-section elementor-top-section elementor-element elementor-element-0750ab3 elementor-section-boxed elementor-section-height-default elementor-section-height-default\" data-id=\"0750ab3\" data-element_type=\"section\" data-e-type=\"section\">\n\t\t\t\t\t\t<div class=\"elementor-container elementor-column-gap-default\">\n\t\t\t\t\t<div class=\"elementor-column elementor-col-100 elementor-top-column elementor-element elementor-element-0e80a12\" data-id=\"0e80a12\" data-element_type=\"column\" data-e-type=\"column\">\n\t\t\t<div class=\"elementor-widget-wrap elementor-element-populated\">\n\t\t\t\t\t\t<div class=\"elementor-element elementor-element-935bef4 elementor-widget elementor-widget-text-editor\" data-id=\"935bef4\" data-element_type=\"widget\" data-e-type=\"widget\" data-widget_type=\"text-editor.default\">\n\t\t\t\t<div class=\"elementor-widget-container\">\n\t\t\t\t\t\t\t\t\t<p>1) Conditions<\/p>\n<p>Toute commande implique adh\u00e9sion enti\u00e8re et sans r\u00e9serve de l&rsquo;acheteur aux conditions g\u00e9n\u00e9rales de vente de la \u00ab\u00a0SAS CROUVEZIER D\u00c9VELOPPEMENT\u00a0\u00bb \u00e0 l&rsquo;exclusion de tous autres documents \u00e9mis par l&rsquo;acheteur, notamment d&rsquo;\u00e9ventuelles conditions g\u00e9n\u00e9rales d&rsquo;achat lesquelles sont inopposables.&nbsp;<\/p>\n<p>2) Livraisons<\/p>\n<p>Les prix et d\u00e9lais impliqu\u00e9s par la \u00ab\u00a0SAS CROUVEZIER D\u00c9VELOPPEMENT\u00a0\u00bb s&rsquo;entendent pour une ex\u00e9cution rigoureusement conforme au libell\u00e9 de la commande. En cas de modification express\u00e9ment accept\u00e9e par la \u00ab\u00a0SAS CROUVEZIER D\u00c9VELOPPEMENT\u00a0\u00bb, les d\u00e9lais initialement pr\u00e9vus pourront \u00eatre revus.&nbsp;<span style=\"font-size: 15px; letter-spacing: 0.4px;\">Les livraisons ne sont op\u00e9r\u00e9es qu&rsquo;en fonction des disponibilit\u00e9s et dans l&rsquo;ordre d&rsquo;arriv\u00e9e des commandes sauf cas de force majeure. La \u00ab\u00a0SAS CROUVEZIER D\u00c9VELOPPEMENT\u00a0\u00bb est autoris\u00e9e \u00e0 des livraisons de fa\u00e7on globale ou partielle. Les d\u00e9lais de livraison sont indiqu\u00e9s aussi exactement que possible mais sont fonction des possibilit\u00e9s de la \u00ab\u00a0SAS CROUVEZIER D\u00c9VELOPPEMENT\u00a0\u00bb et de transport. Les d\u00e9passements de d\u00e9lais de livraison ne peuvent donner lieu \u00e0 dommages-int\u00e9r\u00eats, \u00e0 retenue ou \u00e0 annulation des commandes en cours. En toute hypoth\u00e8se, la livraison dans les d\u00e9lais ne peut intervenir que si l&rsquo;acheteur est \u00e0 jour de ses obligations envers la \u00ab\u00a0SAS CROUVEZIER D\u00c9VELOPPEMENT\u00a0\u00bb quelle qu&rsquo;en soit la cause.&nbsp;<\/span><\/p>\n<p><span style=\"font-size: 15px; letter-spacing: 0.4px;\">3) Transport<\/span><\/p>\n<p><span style=\"font-size: 15px; letter-spacing: 0.4px;\">Les frais de transport des marchandises jusqu&rsquo;aux usines de la \u00ab\u00a0SAS CROUVEZIER D\u00c9VELOPPEMENT\u00a0\u00bb, et ceux des marchandises manutentionn\u00e9es \u00e0 partir des usines, sont, ainsi que les frais de douane ou d&rsquo;admission temporaire, \u00e0 la charge du client.&nbsp;<\/span><\/p>\n<p><span style=\"font-size: 15px; letter-spacing: 0.4px;\">4 ) R\u00e9clamation<\/span><\/p>\n<p><span style=\"font-size: 15px; letter-spacing: 0.4px;\">Aucune r\u00e9clamation ne sera admise si elle est fournie plus de 15 jours apr\u00e8s la r\u00e9ception de la marchandise, par le client, ou par un tiers pour son compte. En cas d&rsquo;apparition d&rsquo;un d\u00e9faut non d\u00e9cel\u00e9 \u00e0 une premi\u00e8re visite, le donneur d&rsquo;ordre ou le tiers substitu\u00e9 s&rsquo;interdit toute transformation de la marchandise et devra en aviser la \u00ab\u00a0SAS CROUVEZIER D\u00c9VELOPPEMENT\u00a0\u00bb dans le d\u00e9lai de 15 jours pr\u00e9cit\u00e9s. Il appartiendra \u00e0 l&rsquo;acheteur de fournir toute justification quant \u00e0 la r\u00e9alit\u00e9 des vices ou anomalies constat\u00e9s. Il devra laisser \u00e0 la \u00ab\u00a0SAS CROUVEZIER D\u00c9VELOPPEMENT\u00a0\u00bb toute facilit\u00e9 pour proc\u00e9der \u00e0 la constatation de ces vices et pour y porter rem\u00e8de. Il s&rsquo;abstiendra d&rsquo;intervenir lui-m\u00eame ou de faire intervenir un tiers \u00e0 cette fin. Tout retour de marchandises doit faire l&rsquo;objet d&rsquo;un accord formel entre la \u00ab\u00a0SAS CROUVEZIER D\u00c9VELOPPEMENT\u00a0\u00bb et le client. Toute marchandise retourn\u00e9e sans cet accord serait tenue \u00e0 la disposition de l&rsquo;acqu\u00e9reur et ne donnerait pas lieu \u00e0 l&rsquo;\u00e9tablissement d&rsquo;un avoir. Les frais et les risques du retour sont toujours \u00e0 la charge de l&rsquo;acqu\u00e9reur. Les d\u00e9fauts et d\u00e9t\u00e9riorations provoqu\u00e9s par l&rsquo;usure naturelle ou par un accident ext\u00e9rieur (entretien d\u00e9fectueux, utilisation anormale, etc.) sont exclus de cette garantie. En outre, la garantie cesse de plein droit en cas de transformation des marchandises.&nbsp;<\/span><\/p>\n<p><span style=\"font-size: 15px; letter-spacing: 0.4px;\">5) Responsabilit\u00e9 contractuelle<\/span><\/p>\n<p><span style=\"font-size: 15px; letter-spacing: 0.4px;\">En cas de malfa\u00e7on, l&rsquo;indemnit\u00e9 allou\u00e9e par la \u00ab\u00a0SAS CROUVEZIER D\u00c9VELOPPEMENT\u00a0\u00bb ne pourra d\u00e9passer le montant de la fa\u00e7on. En ce qui concerne les marchandises endommag\u00e9es du fait de la manutention, c&rsquo;est-\u00e0-dire alt\u00e9r\u00e9es plus fortement que le proc\u00e9d\u00e9 de manutention ne le justifie, l&rsquo;indemnit\u00e9 qui sera allou\u00e9e \u00e0 titre de rabais, de m\u00eame que le montant du remboursement des marchandises \u00e9ventuellement abandonn\u00e9es \u00e0 la \u00ab\u00a0SAS CROUVEZIER D\u00c9VELOPPEMENT\u00a0\u00bb, ne pourront \u00eatre sup\u00e9rieurs \u00e0 la valeur de la marchandise, dans l&rsquo;\u00e9tat o\u00f9 elle a \u00e9t\u00e9 remise, et au cours du jour de la remise, \u00ab\u00a0Sauf convention expresse entre les parties, il ne sera pas allou\u00e9 d&rsquo;autre indemnit\u00e9\u00a0\u00bb.&nbsp;<\/span><\/p>\n<p><span style=\"font-size: 15px; letter-spacing: 0.4px;\">6) R\u00e9serves<\/span><\/p>\n<p><span style=\"font-size: 15px; letter-spacing: 0.4px;\">La \u00ab\u00a0SAS CROUVEZIER D\u00c9VELOPPEMENT\u00a0\u00bb d\u00e9cline toute responsabilit\u00e9 :&nbsp;<\/span><\/p>\n<p><span style=\"font-size: 15px; letter-spacing: 0.4px;\">&#8211; pour les dommages, pertes et vols survenant en cours de transport. Ces risques sont \u00e0 la charge du propri\u00e9taire de la marchandise, sauf son recours contre qui il appartient, \u00e0 l&rsquo;exclusion de tout recours contre la \u00ab\u00a0SAS CROUVEZIER D\u00c9VELOPPEMENT\u00a0\u00bb, et cela, quels que soient le mode de transport et le mode de paiement de ce transport ;<\/span><\/p><p><span style=\"font-size: 15px; letter-spacing: 0.4px;\">&#8211; pour les d\u00e9fauts de fabrication, moisissures, t\u00e2ches de rouille, d&rsquo;huile ou de corps gras provenant des stades de fabrication ant\u00e9rieurs ou du transport ;<\/span><\/p><p><span style=\"font-size: 15px; letter-spacing: 0.4px;\">&#8211; pour les d\u00e9g\u00e2ts caus\u00e9s par des corps \u00e9trangers renferm\u00e9s dans la marchandise remise \u00e0 traiter ;<\/span><\/p><p><span style=\"font-size: 15px; letter-spacing: 0.4px;\">&#8211; pour la d\u00e9coloration des \u00ab\u00a0tiss\u00e9s couleurs\u00a0\u00bb ;<\/span><\/p><p><span style=\"font-size: 15px; letter-spacing: 0.4px;\">&#8211; pour les marchandises en \u00e9cru ou finies, qui auraient s\u00e9journ\u00e9 plus de 6 mois dans les magasins d&rsquo;usine, du fait du client ;&nbsp;<\/span><\/p><p><span style=\"font-size: 15px; letter-spacing: 0.4px;\">&#8211; pour les marchandises ayant subi une manutention quelconque apr\u00e8s livraison ;&nbsp;<\/span><\/p><p><span style=\"font-size: 15px; letter-spacing: 0.4px;\">&#8211; en g\u00e9n\u00e9ral pour tous les cas de force majeure, tels que : gr\u00e8ves, inondations, \u00e9meutes, r\u00e9volutions, guerres et leurs cons\u00e9quences.&nbsp;<\/span><\/p><p><span style=\"font-size: 15px; letter-spacing: 0.4px;\">7 ) Nantissement<\/span><\/p><p><span style=\"font-size: 15px; letter-spacing: 0.4px;\">De convention expresse, toutes les marchandises en la possession de la \u00ab\u00a0SAS CROUVEZIER D\u00c9VELOPPEMENT\u00a0\u00bb, dispos\u00e9es ou non, en quelque \u00e9tat qu&rsquo;elles soient, sont constitu\u00e9es en nantissement et affect\u00e9es en gage commercial \u00e0 son profit pour s\u00fbret\u00e9 de toutes sommes \u00e0 lui dues \u00e0 un titre quelconque.&nbsp;<\/span><span style=\"font-size: 15px; letter-spacing: 0.4px;\">Au fur et \u00e0 mesure que les marchandises fa\u00e7onn\u00e9es sont livr\u00e9es au client, ou \u00e0 un tiers pour son compte, le droit de gage de la \u00ab\u00a0SAS CROUVEZIER D\u00c9VELOPPEMENT\u00a0\u00bb passe de plein droit sur toutes nouvelles marchandises remises \u00e0 celui-ci, lesquelles se trouvent, pour l&rsquo;exercice du droit de gage, purement et simplement substitu\u00e9es aux pr\u00e9c\u00e9dentes. Tout droit r\u00e9el constitu\u00e9 au profit d&rsquo;un tiers, \u00e0 quelque date que ce soit, sur des marchandises en la possession de la \u00ab\u00a0SAS CROUVEZIER D\u00c9VELOPPEMENT\u00a0\u00bb, ne peut, en aucun cas, pr\u00e9judicier au droit de gage de celui-ci r\u00e9sultant des dispositions du pr\u00e9sent article, ni \u00e0 son droit de r\u00e9tention. Il en est de m\u00eame de toute cession des dites marchandises, quelle qu&rsquo;en soit la date.&nbsp;<\/span><\/p><p><span style=\"font-size: 15px; letter-spacing: 0.4px;\">8 ) Conditions de paiement<\/span><\/p><p><span style=\"font-size: 15px; letter-spacing: 0.4px;\">Sauf conditions particuli\u00e8res d\u00fbment accept\u00e9es par la \u00ab\u00a0SAS CROUVEZIER D\u00c9VELOPPEMENT\u00a0\u00bb, les factures sont payables comptant par ch\u00e8que bancaire, postal ou par virement.&nbsp;<\/span><\/p><p><span style=\"font-size: 15px; letter-spacing: 0.4px;\">En cas de retard de paiement, la \u00ab\u00a0SAS CROUVEZIER D\u00c9VELOPPEMENT\u00a0\u00bb pourra suspendre toutes les commandes en cours, sans pr\u00e9judice de toute autre voie d&rsquo;action et conserver \u00e0 titre de nantissement pour garantir le complet paiement des travaux demand\u00e9s. Toute somme non pay\u00e9e \u00e0 l&rsquo;\u00e9ch\u00e9ance pr\u00e9vue pourra donner lieu, apr\u00e8s mise en demeure pr\u00e9alable rest\u00e9e vaine plus de quinze jours apr\u00e8s la r\u00e9ception de la lettre recommand\u00e9e adress\u00e9e \u00e0 cet effet, au paiement des p\u00e9nalit\u00e9s de retard au taux annuel de 20% et une indemnit\u00e9 de 40\u20ac \u00e0 compter du jour suivant la date de paiement figurant sur la facture en application des articles L441-3 et L441-6 du code de commerce. Toute facture recouvr\u00e9e par Service Contentieux sera major\u00e9e \u00e0 titre de clause p\u00e9nale non r\u00e9ductible au sens de l&rsquo;article 1229 du Code Civil, d&rsquo;une indemnit\u00e9 fix\u00e9e forfaitairement \u00e0 15% du montant total de la facture. En aucun cas, les paiements ne peuvent \u00eatre suspendus ni faire l&rsquo;objet d&rsquo;une quelconque compensation sans l&rsquo;accord \u00e9crit et pr\u00e9alable de la \u00ab\u00a0SAS CROUVEZIER D\u00c9VELOPPEMENT\u00a0\u00bb. Sera seul comp\u00e9tent en cas de litige de toute nature ou de contestation relative \u00e0 la formation ou \u00e0 l&rsquo;ex\u00e9cution de la commande, le TRIBUNAL DE COMMERCE D&rsquo;\u00c9PINAL. Cette clause s&rsquo;applique m\u00eame en cas de r\u00e9f\u00e9r\u00e9, de demande incidente ou de pluralit\u00e9 de d\u00e9fendeurs et quels que soient le mode et les modalit\u00e9s de paiement.&nbsp;<\/span><\/p>\t\t\t\t\t\t\t\t<\/div>\n\t\t\t\t<\/div>\n\t\t\t\t\t<\/div>\n\t\t<\/div>\n\t\t\t\t\t<\/div>\n\t\t<\/section>\n\t\t\t\t<\/div>","protected":false},"excerpt":{"rendered":"<p>1) Conditions Toute commande implique adh\u00e9sion enti\u00e8re et sans r\u00e9serve de l&rsquo;acheteur aux conditions g\u00e9n\u00e9rales de vente de la \u00ab\u00a0SAS CROUVEZIER D\u00c9VELOPPEMENT\u00a0\u00bb \u00e0 l&rsquo;exclusion de tous autres documents \u00e9mis par l&rsquo;acheteur, notamment d&rsquo;\u00e9ventuelles conditions g\u00e9n\u00e9rales d&rsquo;achat lesquelles sont inopposables.&nbsp; 2) Livraisons Les prix et d\u00e9lais impliqu\u00e9s par la \u00ab\u00a0SAS CROUVEZIER D\u00c9VELOPPEMENT\u00a0\u00bb s&rsquo;entendent pour une ex\u00e9cution [&hellip;]<\/p>\n","protected":false},"author":1,"featured_media":0,"parent":0,"menu_order":0,"comment_status":"closed","ping_status":"closed","template":"","meta":{"sfsi_plus_gutenberg_text_before_share":"","sfsi_plus_gutenberg_show_text_before_share":"","sfsi_plus_gutenberg_icon_type":"","sfsi_plus_gutenberg_icon_alignemt":"","sfsi_plus_gutenburg_max_per_row":"","footnotes":""},"class_list":["post-1386","page","type-page","status-publish","hentry"],"yoast_head":"<!-- This site is optimized with the Yoast SEO plugin v27.4 - https:\/\/yoast.com\/product\/yoast-seo-wordpress\/ -->\n<title>Conditions g\u00e9n\u00e9rales de vente - Crouvezier D\u00e9veloppement<\/title>\n<meta name=\"description\" content=\"Toute commande implique adh\u00e9sion enti\u00e8re et sans r\u00e9serve de l&#039;acheteur aux conditions g\u00e9n\u00e9rales de vente de la SAS Crouvezier D\u00e9veloppement.\" \/>\n<meta name=\"robots\" content=\"index, follow, max-snippet:-1, max-image-preview:large, max-video-preview:-1\" \/>\n<link rel=\"canonical\" href=\"https:\/\/www.crouvezierdev.fr\/en\/cgv\/\" \/>\n<meta property=\"og:locale\" content=\"en_GB\" \/>\n<meta property=\"og:type\" content=\"article\" \/>\n<meta property=\"og:title\" content=\"Conditions g\u00e9n\u00e9rales de vente - Crouvezier D\u00e9veloppement\" \/>\n<meta property=\"og:description\" content=\"Toute commande implique adh\u00e9sion enti\u00e8re et sans r\u00e9serve de l&#039;acheteur aux conditions g\u00e9n\u00e9rales de vente de la SAS Crouvezier D\u00e9veloppement.\" \/>\n<meta property=\"og:url\" content=\"https:\/\/www.crouvezierdev.fr\/en\/cgv\/\" \/>\n<meta property=\"og:site_name\" content=\"Crouvezier D\u00e9veloppement\" \/>\n<meta property=\"article:publisher\" content=\"https:\/\/www.facebook.com\/crouvezierdev\/?modal=admin_todo_tour\" \/>\n<meta property=\"article:modified_time\" content=\"2020-02-14T10:35:42+00:00\" \/>\n<meta name=\"twitter:card\" content=\"summary_large_image\" \/>\n<meta name=\"twitter:site\" content=\"@crouvezierdev\" \/>\n<meta name=\"twitter:label1\" content=\"Estimated reading time\" \/>\n\t<meta name=\"twitter:data1\" content=\"6 minutes\" \/>\n<script type=\"application\/ld+json\" class=\"yoast-schema-graph\">{\"@context\":\"https:\\\/\\\/schema.org\",\"@graph\":[{\"@type\":\"WebPage\",\"@id\":\"https:\\\/\\\/www.crouvezierdev.fr\\\/cgv\\\/\",\"url\":\"https:\\\/\\\/www.crouvezierdev.fr\\\/cgv\\\/\",\"name\":\"Conditions g\u00e9n\u00e9rales de vente - Crouvezier D\u00e9veloppement\",\"isPartOf\":{\"@id\":\"https:\\\/\\\/www.crouvezierdev.fr\\\/#website\"},\"datePublished\":\"2020-02-14T09:48:55+00:00\",\"dateModified\":\"2020-02-14T10:35:42+00:00\",\"description\":\"Toute commande implique adh\u00e9sion enti\u00e8re et sans r\u00e9serve de l'acheteur aux conditions g\u00e9n\u00e9rales de vente de la SAS Crouvezier D\u00e9veloppement.\",\"breadcrumb\":{\"@id\":\"https:\\\/\\\/www.crouvezierdev.fr\\\/cgv\\\/#breadcrumb\"},\"inLanguage\":\"en-GB\",\"potentialAction\":[{\"@type\":\"ReadAction\",\"target\":[\"https:\\\/\\\/www.crouvezierdev.fr\\\/cgv\\\/\"]}]},{\"@type\":\"BreadcrumbList\",\"@id\":\"https:\\\/\\\/www.crouvezierdev.fr\\\/cgv\\\/#breadcrumb\",\"itemListElement\":[{\"@type\":\"ListItem\",\"position\":1,\"name\":\"Accueil\",\"item\":\"https:\\\/\\\/www.crouvezierdev.fr\\\/\"},{\"@type\":\"ListItem\",\"position\":2,\"name\":\"Conditions g\u00e9n\u00e9rales de vente\"}]},{\"@type\":\"WebSite\",\"@id\":\"https:\\\/\\\/www.crouvezierdev.fr\\\/#website\",\"url\":\"https:\\\/\\\/www.crouvezierdev.fr\\\/\",\"name\":\"Crouvezier D\u00e9veloppement\",\"description\":\"Ennoblissement, teinture, impression textile\",\"publisher\":{\"@id\":\"https:\\\/\\\/www.crouvezierdev.fr\\\/#organization\"},\"potentialAction\":[{\"@type\":\"SearchAction\",\"target\":{\"@type\":\"EntryPoint\",\"urlTemplate\":\"https:\\\/\\\/www.crouvezierdev.fr\\\/?s={search_term_string}\"},\"query-input\":{\"@type\":\"PropertyValueSpecification\",\"valueRequired\":true,\"valueName\":\"search_term_string\"}}],\"inLanguage\":\"en-GB\"},{\"@type\":\"Organization\",\"@id\":\"https:\\\/\\\/www.crouvezierdev.fr\\\/#organization\",\"name\":\"Crouvezier D\u00e9veloppement\",\"url\":\"https:\\\/\\\/www.crouvezierdev.fr\\\/\",\"logo\":{\"@type\":\"ImageObject\",\"inLanguage\":\"en-GB\",\"@id\":\"https:\\\/\\\/www.crouvezierdev.fr\\\/#\\\/schema\\\/logo\\\/image\\\/\",\"url\":\"https:\\\/\\\/www.crouvezierdev.fr\\\/wp-content\\\/uploads\\\/2019\\\/06\\\/screen-2.png\",\"contentUrl\":\"https:\\\/\\\/www.crouvezierdev.fr\\\/wp-content\\\/uploads\\\/2019\\\/06\\\/screen-2.png\",\"width\":50,\"height\":50,\"caption\":\"Crouvezier D\u00e9veloppement\"},\"image\":{\"@id\":\"https:\\\/\\\/www.crouvezierdev.fr\\\/#\\\/schema\\\/logo\\\/image\\\/\"},\"sameAs\":[\"https:\\\/\\\/www.facebook.com\\\/crouvezierdev\\\/?modal=admin_todo_tour\",\"https:\\\/\\\/x.com\\\/crouvezierdev\",\"https:\\\/\\\/www.instagram.com\\\/crouvezierdev\\\/?hl=fr\",\"https:\\\/\\\/www.linkedin.com\\\/in\\\/severine-crouvezier-993300185\\\/\"]}]}<\/script>\n<!-- \/ Yoast SEO plugin. -->","yoast_head_json":{"title":"Conditions g\u00e9n\u00e9rales de vente - Crouvezier D\u00e9veloppement","description":"Toute commande implique adh\u00e9sion enti\u00e8re et sans r\u00e9serve de l'acheteur aux conditions g\u00e9n\u00e9rales de vente de la SAS Crouvezier D\u00e9veloppement.","robots":{"index":"index","follow":"follow","max-snippet":"max-snippet:-1","max-image-preview":"max-image-preview:large","max-video-preview":"max-video-preview:-1"},"canonical":"https:\/\/www.crouvezierdev.fr\/en\/cgv\/","og_locale":"en_GB","og_type":"article","og_title":"Conditions g\u00e9n\u00e9rales de vente - Crouvezier D\u00e9veloppement","og_description":"Toute commande implique adh\u00e9sion enti\u00e8re et sans r\u00e9serve de l'acheteur aux conditions g\u00e9n\u00e9rales de vente de la SAS Crouvezier D\u00e9veloppement.","og_url":"https:\/\/www.crouvezierdev.fr\/en\/cgv\/","og_site_name":"Crouvezier D\u00e9veloppement","article_publisher":"https:\/\/www.facebook.com\/crouvezierdev\/?modal=admin_todo_tour","article_modified_time":"2020-02-14T10:35:42+00:00","twitter_card":"summary_large_image","twitter_site":"@crouvezierdev","twitter_misc":{"Estimated reading time":"6 minutes"},"schema":{"@context":"https:\/\/schema.org","@graph":[{"@type":"WebPage","@id":"https:\/\/www.crouvezierdev.fr\/cgv\/","url":"https:\/\/www.crouvezierdev.fr\/cgv\/","name":"Conditions g\u00e9n\u00e9rales de vente - Crouvezier D\u00e9veloppement","isPartOf":{"@id":"https:\/\/www.crouvezierdev.fr\/#website"},"datePublished":"2020-02-14T09:48:55+00:00","dateModified":"2020-02-14T10:35:42+00:00","description":"Toute commande implique adh\u00e9sion enti\u00e8re et sans r\u00e9serve de l'acheteur aux conditions g\u00e9n\u00e9rales de vente de la SAS Crouvezier D\u00e9veloppement.","breadcrumb":{"@id":"https:\/\/www.crouvezierdev.fr\/cgv\/#breadcrumb"},"inLanguage":"en-GB","potentialAction":[{"@type":"ReadAction","target":["https:\/\/www.crouvezierdev.fr\/cgv\/"]}]},{"@type":"BreadcrumbList","@id":"https:\/\/www.crouvezierdev.fr\/cgv\/#breadcrumb","itemListElement":[{"@type":"ListItem","position":1,"name":"Accueil","item":"https:\/\/www.crouvezierdev.fr\/"},{"@type":"ListItem","position":2,"name":"Conditions g\u00e9n\u00e9rales de vente"}]},{"@type":"WebSite","@id":"https:\/\/www.crouvezierdev.fr\/#website","url":"https:\/\/www.crouvezierdev.fr\/","name":"Crouvezier D\u00e9veloppement","description":"Ennoblissement, teinture, impression textile","publisher":{"@id":"https:\/\/www.crouvezierdev.fr\/#organization"},"potentialAction":[{"@type":"SearchAction","target":{"@type":"EntryPoint","urlTemplate":"https:\/\/www.crouvezierdev.fr\/?s={search_term_string}"},"query-input":{"@type":"PropertyValueSpecification","valueRequired":true,"valueName":"search_term_string"}}],"inLanguage":"en-GB"},{"@type":"Organization","@id":"https:\/\/www.crouvezierdev.fr\/#organization","name":"Crouvezier D\u00e9veloppement","url":"https:\/\/www.crouvezierdev.fr\/","logo":{"@type":"ImageObject","inLanguage":"en-GB","@id":"https:\/\/www.crouvezierdev.fr\/#\/schema\/logo\/image\/","url":"https:\/\/www.crouvezierdev.fr\/wp-content\/uploads\/2019\/06\/screen-2.png","contentUrl":"https:\/\/www.crouvezierdev.fr\/wp-content\/uploads\/2019\/06\/screen-2.png","width":50,"height":50,"caption":"Crouvezier D\u00e9veloppement"},"image":{"@id":"https:\/\/www.crouvezierdev.fr\/#\/schema\/logo\/image\/"},"sameAs":["https:\/\/www.facebook.com\/crouvezierdev\/?modal=admin_todo_tour","https:\/\/x.com\/crouvezierdev","https:\/\/www.instagram.com\/crouvezierdev\/?hl=fr","https:\/\/www.linkedin.com\/in\/severine-crouvezier-993300185\/"]}]}},"_links":{"self":[{"href":"https:\/\/www.crouvezierdev.fr\/en\/wp-json\/wp\/v2\/pages\/1386","targetHints":{"allow":["GET"]}}],"collection":[{"href":"https:\/\/www.crouvezierdev.fr\/en\/wp-json\/wp\/v2\/pages"}],"about":[{"href":"https:\/\/www.crouvezierdev.fr\/en\/wp-json\/wp\/v2\/types\/page"}],"author":[{"embeddable":true,"href":"https:\/\/www.crouvezierdev.fr\/en\/wp-json\/wp\/v2\/users\/1"}],"replies":[{"embeddable":true,"href":"https:\/\/www.crouvezierdev.fr\/en\/wp-json\/wp\/v2\/comments?post=1386"}],"version-history":[{"count":3,"href":"https:\/\/www.crouvezierdev.fr\/en\/wp-json\/wp\/v2\/pages\/1386\/revisions"}],"predecessor-version":[{"id":1389,"href":"https:\/\/www.crouvezierdev.fr\/en\/wp-json\/wp\/v2\/pages\/1386\/revisions\/1389"}],"wp:attachment":[{"href":"https:\/\/www.crouvezierdev.fr\/en\/wp-json\/wp\/v2\/media?parent=1386"}],"curies":[{"name":"wp","href":"https:\/\/api.w.org\/{rel}","templated":true}]}}